{"id":52044,"date":"2020-03-17T15:12:59","date_gmt":"2020-03-17T14:12:59","guid":{"rendered":"https:\/\/mobileoutfitters.io\/anvandarvillkor\/"},"modified":"2023-12-19T12:25:54","modified_gmt":"2023-12-19T11:25:54","slug":"anvandarvillkor","status":"publish","type":"page","link":"https:\/\/mobileoutfitters.io\/sv\/anvandarvillkor\/","title":{"rendered":"Anv\u00e4ndarvillkor"},"content":{"rendered":"<p>[et_pb_section fb_built=&#8221;1&#8243; _builder_version=&#8221;4.16&#8243; global_colors_info=&#8221;{}&#8221;][et_pb_row _builder_version=&#8221;4.16&#8243; background_size=&#8221;initial&#8221; background_position=&#8221;top_left&#8221; background_repeat=&#8221;repeat&#8221; global_colors_info=&#8221;{}&#8221;][et_pb_column type=&#8221;4_4&#8243; _builder_version=&#8221;4.16&#8243; custom_padding=&#8221;|||&#8221; global_colors_info=&#8221;{}&#8221; custom_padding__hover=&#8221;|||&#8221;][et_pb_text admin_label=&#8221;CGU&#8221; _builder_version=&#8221;4.16&#8243; header_font=&#8221;|800||on||||#00b2e3|&#8221; header_text_align=&#8221;center&#8221; header_text_color=&#8221;#000000&#8243; header_font_size=&#8221;35px&#8221; custom_css_main_element=&#8221;display:block;||margin:0 auto;&#8221; custom_css_after=&#8221;   &#8221; global_colors_info=&#8221;{}&#8221;]<\/p>\n<h1>Anv\u00e4ndarvillkor<\/h1>\n<p>[\/et_pb_text][et_pb_text _builder_version=&#8221;4.21.0&#8243; header_text_align=&#8221;center&#8221; background_size=&#8221;initial&#8221; background_position=&#8221;top_left&#8221; background_repeat=&#8221;repeat&#8221; hover_enabled=&#8221;0&#8243; global_colors_info=&#8221;{}&#8221; sticky_enabled=&#8221;0&#8243;]Webbplatsen www.mobileoutfitters.io (nedan kallad &#8221;webbplatsen&#8221;) publiceras av Vasco Group, ett f\u00f6renklat aktiebolag med ett aktiekapital p\u00e5 21 814 euro, registrerat i Versailles handels- och bolagsregister under nummer 844 704 577 och med s\u00e4te p\u00e5 , all\u00e9e des Vergers, 78240 Aigremont (Frankrike) &#8211; tel. +331 39 11 57 80 (nedan kallade &#8221;Mobile Outfitters&#8221; eller &#8221;vi&#8221;).<\/p>\n<p>Webbplatsens publikationsdirekt\u00f6r \u00e4r Cyril Montanari.<\/p>\n<p>Webbplatsen hostas av O2 Switch, vars s\u00e4te \u00e4r Chemin des Pardiaux, 63000 Clermont-Ferrand (Frankrike) och vars telefonnummer \u00e4r +334 44 44 60 40.<\/p>\n<p>De tj\u00e4nster som erbjuds p\u00e5 webbplatsen tillhandah\u00e5lls &#8221;i befintligt skick&#8221; och regleras av dessa allm\u00e4nna villkor f\u00f6r anv\u00e4ndning (nedan kallade &#8221;allm\u00e4nna villkor&#8221;).<\/p>\n<h4>1. BESKRIVNING AV WEBBPLATSEN<\/h4>\n<p>Webbplatsen till\u00e5ter alla anv\u00e4ndare (nedan kallad &#8221;Anv\u00e4ndaren&#8221;):<br \/>\n&#8211; uppt\u00e4ck de produkter som s\u00e4ljs av MOBILE OUTFITTERS.<br \/>\n&#8211; Best\u00e4llning av v\u00e5ra produkter fr\u00e5n v\u00e5r onlinebutik omfattas av de allm\u00e4nna f\u00f6rs\u00e4ljningsvillkoren.<\/p>\n<p>Webbplatsen f\u00e5r anv\u00e4ndas kostnadsfritt av Anv\u00e4ndaren f\u00f6r strikt personligt, privat och icke-kollektivt bruk.<\/p>\n<p>MOBILE OUTFITTERS garanterar inte webbplatsens kontinuitet eller prestanda, eller att webbplatsen \u00e4r fri fr\u00e5n buggar eller andra fel, eftersom ett programmeringsfel eller en teknisk incident alltid \u00e4r m\u00f6jlig.<\/p>\n<h4>2. ANV\u00c4NDARENS ANSVAR<\/h4>\n<p>Anv\u00e4ndarna ansvarar sj\u00e4lva f\u00f6r sin maskinvara, data och programvara samt f\u00f6r den n\u00e4tverksanslutning som g\u00f6r det m\u00f6jligt f\u00f6r dem att f\u00e5 tillg\u00e5ng till Webbplatsen.<\/p>\n<h4>3. L\u00c4NKAR TILL TREDJE PARTS WEBBPLATSER<\/h4>\n<p>MOBILE OUTFITTERS fungerar som inneh\u00e5llsv\u00e4rd i den mening som avses i lag nr 2004-575 av den 21 juni 2004 om f\u00f6rtroende f\u00f6r den digitala ekonomin n\u00e4r det g\u00e4ller l\u00e4nkar till tredje parts webbplatser som \u00e4r tillg\u00e4ngliga via webbplatsen. MOBILE OUTFITTERS kan d\u00e4rf\u00f6r endast h\u00e5llas ansvarigt f\u00f6r dessa l\u00e4nkar om MOBILE OUTFITTERS, efter att ha blivit medveten om olagligt inneh\u00e5ll, inte omedelbart tog bort det.<\/p>\n<p>Med f\u00f6rbeh\u00e5ll f\u00f6r detta accepterar MOBILE OUTFITTERS inget ansvar f\u00f6r anv\u00e4ndningen av tredje parts webbplatser som \u00e4r tillg\u00e4ngliga via webbplatsen. S\u00e5 snart du omdirigeras till en tredje parts webbplats upph\u00f6r dessa allm\u00e4nna villkor att g\u00e4lla; endast de allm\u00e4nna villkoren f\u00f6r den tredje partens webbplats g\u00e4ller.<\/p>\n<p>Om du f\u00e5r tillg\u00e5ng till olagliga webbplatser via webbplatsen, v\u00e4nligen meddela oss omedelbart genom att skicka ett e-postmeddelande till contact@mobileoutfitters.io.<\/p>\n<h4>4. IMMATERIELLA R\u00c4TTIGHETER<\/h4>\n<p>All content (photos, texts, videos, audio, etc.) that can be consulted on the site is and remains the exclusive property of MOBILE OUTFITTERS (or its licensors), which holds all related intellectual property rights.<\/p>\n<p>Du har d\u00e4rf\u00f6r under inga omst\u00e4ndigheter r\u00e4tt att reproducera, representera eller marknadsf\u00f6ra detta inneh\u00e5ll p\u00e5 n\u00e5got som helst s\u00e4tt.<\/p>\n<p>Personer som vill \u00e5teranv\u00e4nda inneh\u00e5ll fr\u00e5n webbplatsen uppmanas att kontakta MOBILE OUTFITTERS p\u00e5 contact@mobileoutfitters.io.<\/p>\n<p>All obeh\u00f6rig anv\u00e4ndning av detta inneh\u00e5ll utg\u00f6r ett intr\u00e5ng i upphovsr\u00e4tten och kan leda till civilr\u00e4ttsliga eller straffr\u00e4ttsliga f\u00f6rfaranden.<\/p>\n<h4>5. TILL\u00c4MPLIG LAG<\/h4>\n<p>Dessa villkor regleras av fransk lag.<\/p>\n<p>Senaste uppdatering: 6 mars 2020[\/et_pb_text][\/et_pb_column][\/et_pb_row][\/et_pb_section]<\/p>\n","protected":false},"excerpt":{"rendered":"<p>Anv\u00e4ndarvillkorWebbplatsen www.mobileoutfitters.io (nedan kallad &#8221;webbplatsen&#8221;) publiceras av Vasco Group, ett f\u00f6renklat aktiebolag med ett aktiekapital p\u00e5 21 814 euro, registrerat i Versailles handels- och bolagsregister under nummer 844 704 577 och med s\u00e4te p\u00e5 , all\u00e9e des Vergers, 78240 Aigremont (Frankrike) &#8211; tel. +331 39 11 57 80 (nedan kallade &#8221;Mobile Outfitters&#8221; eller &#8221;vi&#8221;). Webbplatsens [&hellip;]<\/p>\n","protected":false},"author":1,"featured_media":0,"parent":0,"menu_order":40,"comment_status":"closed","ping_status":"closed","template":"","meta":{"_et_pb_use_builder":"on","_et_pb_old_content":"","_et_gb_content_width":"","footnotes":""},"class_list":["post-52044","page","type-page","status-publish","hentry"],"yoast_head":"<!-- This site is optimized with the Yoast SEO plugin v25.9 - https:\/\/yoast.com\/wordpress\/plugins\/seo\/ -->\n<title>Anv\u00e4ndarvillkor - Mobile Outfitters<\/title>\n<meta name=\"robots\" content=\"index, follow, max-snippet:-1, max-image-preview:large, max-video-preview:-1\" \/>\n<link rel=\"canonical\" href=\"https:\/\/mobileoutfitters.io\/sv\/anvandarvillkor\/\" \/>\n<meta property=\"og:locale\" content=\"sv_SE\" \/>\n<meta property=\"og:type\" content=\"article\" \/>\n<meta property=\"og:title\" content=\"Anv\u00e4ndarvillkor - Mobile Outfitters\" \/>\n<meta property=\"og:description\" content=\"Anv\u00e4ndarvillkorWebbplatsen www.mobileoutfitters.io (nedan kallad &quot;webbplatsen&quot;) publiceras av Vasco Group, ett f\u00f6renklat aktiebolag med ett aktiekapital p\u00e5 21 814 euro, registrerat i Versailles handels- och bolagsregister under nummer 844 704 577 och med s\u00e4te p\u00e5 , all\u00e9e des Vergers, 78240 Aigremont (Frankrike) - tel. +331 39 11 57 80 (nedan kallade &quot;Mobile Outfitters&quot; eller &quot;vi&quot;). Webbplatsens [&hellip;]\" \/>\n<meta property=\"og:url\" content=\"https:\/\/mobileoutfitters.io\/sv\/anvandarvillkor\/\" \/>\n<meta property=\"og:site_name\" content=\"Mobile Outfitters\" \/>\n<meta property=\"article:modified_time\" content=\"2023-12-19T11:25:54+00:00\" \/>\n<meta name=\"twitter:card\" content=\"summary_large_image\" \/>\n<meta name=\"twitter:label1\" content=\"Ber\u00e4knad l\u00e4stid\" \/>\n\t<meta name=\"twitter:data1\" content=\"3 minuter\" \/>\n<script type=\"application\/ld+json\" class=\"yoast-schema-graph\">{\"@context\":\"https:\/\/schema.org\",\"@graph\":[{\"@type\":\"WebPage\",\"@id\":\"https:\/\/mobileoutfitters.io\/sv\/anvandarvillkor\/\",\"url\":\"https:\/\/mobileoutfitters.io\/sv\/anvandarvillkor\/\",\"name\":\"Anv\u00e4ndarvillkor - Mobile Outfitters\",\"isPartOf\":{\"@id\":\"https:\/\/mobileoutfitters.io\/sv\/#website\"},\"datePublished\":\"2020-03-17T14:12:59+00:00\",\"dateModified\":\"2023-12-19T11:25:54+00:00\",\"inLanguage\":\"sv-SE\",\"potentialAction\":[{\"@type\":\"ReadAction\",\"target\":[\"https:\/\/mobileoutfitters.io\/sv\/anvandarvillkor\/\"]}]},{\"@type\":\"WebSite\",\"@id\":\"https:\/\/mobileoutfitters.io\/sv\/#website\",\"url\":\"https:\/\/mobileoutfitters.io\/sv\/\",\"name\":\"Mobile Outfitters\",\"description\":\"Mobile Outfitters\",\"potentialAction\":[{\"@type\":\"SearchAction\",\"target\":{\"@type\":\"EntryPoint\",\"urlTemplate\":\"https:\/\/mobileoutfitters.io\/sv\/?s={search_term_string}\"},\"query-input\":{\"@type\":\"PropertyValueSpecification\",\"valueRequired\":true,\"valueName\":\"search_term_string\"}}],\"inLanguage\":\"sv-SE\"}]}<\/script>\n<!-- \/ Yoast SEO plugin. -->","yoast_head_json":{"title":"Anv\u00e4ndarvillkor - Mobile Outfitters","robots":{"index":"index","follow":"follow","max-snippet":"max-snippet:-1","max-image-preview":"max-image-preview:large","max-video-preview":"max-video-preview:-1"},"canonical":"https:\/\/mobileoutfitters.io\/sv\/anvandarvillkor\/","og_locale":"sv_SE","og_type":"article","og_title":"Anv\u00e4ndarvillkor - Mobile Outfitters","og_description":"Anv\u00e4ndarvillkorWebbplatsen www.mobileoutfitters.io (nedan kallad \"webbplatsen\") publiceras av Vasco Group, ett f\u00f6renklat aktiebolag med ett aktiekapital p\u00e5 21 814 euro, registrerat i Versailles handels- och bolagsregister under nummer 844 704 577 och med s\u00e4te p\u00e5 , all\u00e9e des Vergers, 78240 Aigremont (Frankrike) - tel. +331 39 11 57 80 (nedan kallade \"Mobile Outfitters\" eller \"vi\"). Webbplatsens [&hellip;]","og_url":"https:\/\/mobileoutfitters.io\/sv\/anvandarvillkor\/","og_site_name":"Mobile Outfitters","article_modified_time":"2023-12-19T11:25:54+00:00","twitter_card":"summary_large_image","twitter_misc":{"Ber\u00e4knad l\u00e4stid":"3 minuter"},"schema":{"@context":"https:\/\/schema.org","@graph":[{"@type":"WebPage","@id":"https:\/\/mobileoutfitters.io\/sv\/anvandarvillkor\/","url":"https:\/\/mobileoutfitters.io\/sv\/anvandarvillkor\/","name":"Anv\u00e4ndarvillkor - Mobile Outfitters","isPartOf":{"@id":"https:\/\/mobileoutfitters.io\/sv\/#website"},"datePublished":"2020-03-17T14:12:59+00:00","dateModified":"2023-12-19T11:25:54+00:00","inLanguage":"sv-SE","potentialAction":[{"@type":"ReadAction","target":["https:\/\/mobileoutfitters.io\/sv\/anvandarvillkor\/"]}]},{"@type":"WebSite","@id":"https:\/\/mobileoutfitters.io\/sv\/#website","url":"https:\/\/mobileoutfitters.io\/sv\/","name":"Mobile Outfitters","description":"Mobile Outfitters","potentialAction":[{"@type":"SearchAction","target":{"@type":"EntryPoint","urlTemplate":"https:\/\/mobileoutfitters.io\/sv\/?s={search_term_string}"},"query-input":{"@type":"PropertyValueSpecification","valueRequired":true,"valueName":"search_term_string"}}],"inLanguage":"sv-SE"}]}},"_links":{"self":[{"href":"https:\/\/mobileoutfitters.io\/sv\/wp-json\/wp\/v2\/pages\/52044","targetHints":{"allow":["GET"]}}],"collection":[{"href":"https:\/\/mobileoutfitters.io\/sv\/wp-json\/wp\/v2\/pages"}],"about":[{"href":"https:\/\/mobileoutfitters.io\/sv\/wp-json\/wp\/v2\/types\/page"}],"author":[{"embeddable":true,"href":"https:\/\/mobileoutfitters.io\/sv\/wp-json\/wp\/v2\/users\/1"}],"replies":[{"embeddable":true,"href":"https:\/\/mobileoutfitters.io\/sv\/wp-json\/wp\/v2\/comments?post=52044"}],"version-history":[{"count":4,"href":"https:\/\/mobileoutfitters.io\/sv\/wp-json\/wp\/v2\/pages\/52044\/revisions"}],"predecessor-version":[{"id":55435,"href":"https:\/\/mobileoutfitters.io\/sv\/wp-json\/wp\/v2\/pages\/52044\/revisions\/55435"}],"wp:attachment":[{"href":"https:\/\/mobileoutfitters.io\/sv\/wp-json\/wp\/v2\/media?parent=52044"}],"curies":[{"name":"wp","href":"https:\/\/api.w.org\/{rel}","templated":true}]}}