{"id":51389,"date":"2019-11-15T11:03:18","date_gmt":"2019-11-15T10:03:18","guid":{"rendered":"https:\/\/mobileoutfitters.io\/politique-de-confidentialite\/"},"modified":"2023-12-19T12:30:11","modified_gmt":"2023-12-19T11:30:11","slug":"personvern-erklaering","status":"publish","type":"page","link":"https:\/\/mobileoutfitters.io\/no\/personvern-erklaering\/","title":{"rendered":"Personvern erkl\u00e6ring"},"content":{"rendered":"<p>[et_pb_section fb_built=&raquo;1&#8243; _builder_version=&raquo;4.16&#8243; global_colors_info=&raquo;{}&raquo;][et_pb_row _builder_version=&raquo;4.16&#8243; background_size=&raquo;initial&raquo; background_position=&raquo;top_left&raquo; background_repeat=&raquo;repeat&raquo; global_colors_info=&raquo;{}&raquo;][et_pb_column type=&raquo;4_4&#8243; _builder_version=&raquo;4.16&#8243; custom_padding=&raquo;|||&raquo; global_colors_info=&raquo;{}&raquo; custom_padding__hover=&raquo;|||&raquo;][et_pb_text admin_label=&raquo;Politique de confidentialit\u00e9&raquo; _builder_version=&raquo;4.16&#8243; header_font=&raquo;|800||on||||#00b2e3|&raquo; header_text_align=&raquo;center&raquo; header_text_color=&raquo;#000000&#8243; header_font_size=&raquo;35px&raquo; custom_css_main_element=&raquo;display:block;||margin:0 auto;&raquo; custom_css_after=&raquo;   &raquo; global_colors_info=&raquo;{}&raquo;]<\/p>\n<h1>Personvern erkl\u00e6ring<\/h1>\n<p>[\/et_pb_text][et_pb_text _builder_version=&raquo;4.21.0&#8243; header_text_align=&raquo;center&raquo; background_size=&raquo;initial&raquo; background_position=&raquo;top_left&raquo; background_repeat=&raquo;repeat&raquo; global_colors_info=&raquo;{}&raquo;]<\/p>\n<p>Beskyttelse av personopplysninger er et stort problem for Mobile Outfitters. Vi er derfor forpliktet til \u00e5penhet i behandlingen av personopplysningene vi samler inn. Form\u00e5let med denne erkl\u00e6ringen er \u00e5 gi deg all relevant informasjon om behandlingen av personopplysninger som kan samles inn p\u00e5 nettstedet <a href=\"http:\/\/mobileoutfitters.io\/\">mobileoutfitters.io<\/a>.<\/p>\n<h2>Behandling av dine personopplysninger:<\/h2>\n<p>Generelt kan du bes\u00f8ke v\u00e5r nettside uten \u00e5 oppgi personopplysninger om deg selv. For \u00e5 f\u00e5 tilgang til visse deler av v\u00e5re nettsteder og\/eller i sammenheng med bruk av spesifikk informasjon eller tjenester, kan vi m\u00e5tte samle inn dine personopplysninger, som vi vil behandle for form\u00e5lene nevnt nedenfor.<br \/>Mobile Outfitters kan samle inn og behandle personopplysninger om deg n\u00e5r du bes\u00f8ker dette nettstedet, n\u00e5r du ber om kontakt, informasjon, en tilbakeringing eller en jobbs\u00f8knad.<br \/>Dataene vil aldri bli brukt til andre, utilsiktede form\u00e5l, og vil heller ikke bli videreformidlet til partnere, med mindre eieren av dataene samtykker. Ingen annen personlig informasjon enn det som er forespurt i denne sammenheng samles inn uten kjennskap til den ber\u00f8rte person.<br \/>Brukere av nettstedet minnes p\u00e5 at gjennomf\u00f8ringen av en salgskontrakt er underlagt levering av personopplysninger. Brukere som \u00f8nsker \u00e5 inng\u00e5 en salgskontrakt med nettstedet mobileoutfitters.io, m\u00e5 v\u00e6re klar over at hvis disse dataene ikke blir levert, vil det v\u00e6re umulig \u00e5 fortsette den kontraktsregulerte prosessen.<\/p>\n<h2>Oppbevaring av personopplysninger:<\/h2>\n<p>I tillegg oppbevares de innsamlede dataene:<br \/>&#8211; For customers: throughout the commercial relationship. Det vil for kommersielle prospekteringsform\u00e5l bli oppbevart i h\u00f8yst 3 \u00e5r etter at det kommersielle forholdet opph\u00f8rer.<br \/>&#8211; For ikke-kundeutsikter: maksimalt 3 \u00e5r fra datoen for innhenting av den behandlingsansvarlige eller den siste kontakten fra prospektet.<\/p>\n<p>&#8211; For s\u00f8kere: h\u00f8yst 3 \u00e5r fra den behandlingsansvarliges innsamlingsdato eller siste kontakt fra s\u00f8keren.<\/p>\n<p>Videre blir ikke data som samles inn via behandling av personopplysninger p\u00e5 dette nettstedet, overf\u00f8rt utenfor EU.<br \/>Datasikkerhet og -integritet:<br \/>Mobile Outfitters bruker ulike tekniske og organisatoriske sikkerhetstiltak for \u00e5 beskytte personopplysningene vi samler inn, bruker eller overf\u00f8rer mot tap, misbruk, forfalskning eller \u00f8deleggelse.<br \/>Vi er ogs\u00e5 sv\u00e6rt n\u00f8ye med \u00e5 sikre sikkerheten og konfidensialiteten til data som passerer gjennom nettstedet v\u00e5rt. Tilgang til nettstedets backoffice er mulig via innlogginger og komplekse passord med sterk beskyttelse, samt dobbel autentiseringsbeskyttelse. Det samme gjelder postboksen som inneholder personopplysninger om brukere og Mobile Outfitters.<br \/>Nettstedet mobileoutfitters.io er ogs\u00e5 utstyrt med en rekke sikkerhetsmoduler for \u00e5 hindre ondsinnede innbrudd og datalekkasjer.<br \/>Brukeren av dette nettstedet eller Mobile Outfitters kan n\u00e5r som helst inngi en klage til den franske tilsynsmyndigheten Commission Nationale Informatique et Libert\u00e9s (CNIL).<\/p>\n<h2>Dine rettigheter :<\/h2>\n<p>Endelig, i samsvar med artikkel 15 et seq. i den generelle databeskyttelsesforordningen, har brukere av dette nettstedet rett til \u00e5 f\u00e5 tilgang til, rette, slette og begrense data om dem, samt retten til \u00e5 motsette seg behandling av data utf\u00f8rt via mobileoutfitters.io nettstedet.<\/p>\n<h2>Eksterne nettsteder:<\/h2>\n<p>Websteder for mobile outfittere kan indeholde links til eksterne internetsteder. Mobile Outfitters giver ingen garanti eller afgiver nogen erkl\u00e6ring vedr\u00f8rende disse eksterne internetsider. Det er vigtigt for dig at vide, at ejerne og operat\u00f8rerne af disse eksterne internetsider kan indsamle, bruge eller overf\u00f8re personoplysninger i henhold til vilk\u00e5r og betingelser, der adskiller sig fra dem, der g\u00e6lder for Mobile Outfitters. N\u00e5r du opretter forbindelse til et eksternt websted, skal du informere dig selv om fortrolighed og sikkerhedsforanstaltninger p\u00e5 disse eksterne websteder.<\/p>\n<p>[\/et_pb_text][\/et_pb_column][\/et_pb_row][\/et_pb_section]<\/p>\n","protected":false},"excerpt":{"rendered":"<p>Personvern erkl\u00e6ringBeskyttelse av personopplysninger er et stort problem for Mobile Outfitters. Vi er derfor forpliktet til \u00e5penhet i behandlingen av personopplysningene vi samler inn. Form\u00e5let med denne erkl\u00e6ringen er \u00e5 gi deg all relevant informasjon om behandlingen av personopplysninger som kan samles inn p\u00e5 nettstedet mobileoutfitters.io. Behandling av dine personopplysninger: Generelt kan du bes\u00f8ke v\u00e5r [&hellip;]<\/p>\n","protected":false},"author":1,"featured_media":0,"parent":0,"menu_order":40,"comment_status":"closed","ping_status":"closed","template":"","meta":{"_et_pb_use_builder":"on","_et_pb_old_content":"","_et_gb_content_width":"","footnotes":""},"class_list":["post-51389","page","type-page","status-publish","hentry"],"yoast_head":"<!-- This site is optimized with the Yoast SEO plugin v25.9 - https:\/\/yoast.com\/wordpress\/plugins\/seo\/ -->\n<title>Personvern erkl\u00e6ring - Mobile Outfitters<\/title>\n<meta name=\"robots\" content=\"index, follow, max-snippet:-1, max-image-preview:large, max-video-preview:-1\" \/>\n<link rel=\"canonical\" href=\"https:\/\/mobileoutfitters.io\/no\/personvern-erklaering\/\" \/>\n<meta property=\"og:locale\" content=\"nb_NO\" \/>\n<meta property=\"og:type\" content=\"article\" \/>\n<meta property=\"og:title\" content=\"Personvern erkl\u00e6ring - Mobile Outfitters\" \/>\n<meta property=\"og:description\" content=\"Personvern erkl\u00e6ringBeskyttelse av personopplysninger er et stort problem for Mobile Outfitters. Vi er derfor forpliktet til \u00e5penhet i behandlingen av personopplysningene vi samler inn. Form\u00e5let med denne erkl\u00e6ringen er \u00e5 gi deg all relevant informasjon om behandlingen av personopplysninger som kan samles inn p\u00e5 nettstedet mobileoutfitters.io. Behandling av dine personopplysninger: Generelt kan du bes\u00f8ke v\u00e5r [&hellip;]\" \/>\n<meta property=\"og:url\" content=\"https:\/\/mobileoutfitters.io\/no\/personvern-erklaering\/\" \/>\n<meta property=\"og:site_name\" content=\"Mobile Outfitters\" \/>\n<meta property=\"article:modified_time\" content=\"2023-12-19T11:30:11+00:00\" \/>\n<meta name=\"twitter:card\" content=\"summary_large_image\" \/>\n<meta name=\"twitter:label1\" content=\"Ansl. lesetid\" \/>\n\t<meta name=\"twitter:data1\" content=\"3 minutter\" \/>\n<script type=\"application\/ld+json\" class=\"yoast-schema-graph\">{\"@context\":\"https:\/\/schema.org\",\"@graph\":[{\"@type\":\"WebPage\",\"@id\":\"https:\/\/mobileoutfitters.io\/no\/personvern-erklaering\/\",\"url\":\"https:\/\/mobileoutfitters.io\/no\/personvern-erklaering\/\",\"name\":\"Personvern erkl\u00e6ring - Mobile Outfitters\",\"isPartOf\":{\"@id\":\"https:\/\/mobileoutfitters.io\/no\/#website\"},\"datePublished\":\"2019-11-15T10:03:18+00:00\",\"dateModified\":\"2023-12-19T11:30:11+00:00\",\"inLanguage\":\"nb-NO\",\"potentialAction\":[{\"@type\":\"ReadAction\",\"target\":[\"https:\/\/mobileoutfitters.io\/no\/personvern-erklaering\/\"]}]},{\"@type\":\"WebSite\",\"@id\":\"https:\/\/mobileoutfitters.io\/no\/#website\",\"url\":\"https:\/\/mobileoutfitters.io\/no\/\",\"name\":\"Mobile Outfitters\",\"description\":\"Mobile Outfitters\",\"potentialAction\":[{\"@type\":\"SearchAction\",\"target\":{\"@type\":\"EntryPoint\",\"urlTemplate\":\"https:\/\/mobileoutfitters.io\/no\/?s={search_term_string}\"},\"query-input\":{\"@type\":\"PropertyValueSpecification\",\"valueRequired\":true,\"valueName\":\"search_term_string\"}}],\"inLanguage\":\"nb-NO\"}]}<\/script>\n<!-- \/ Yoast SEO plugin. -->","yoast_head_json":{"title":"Personvern erkl\u00e6ring - Mobile Outfitters","robots":{"index":"index","follow":"follow","max-snippet":"max-snippet:-1","max-image-preview":"max-image-preview:large","max-video-preview":"max-video-preview:-1"},"canonical":"https:\/\/mobileoutfitters.io\/no\/personvern-erklaering\/","og_locale":"nb_NO","og_type":"article","og_title":"Personvern erkl\u00e6ring - Mobile Outfitters","og_description":"Personvern erkl\u00e6ringBeskyttelse av personopplysninger er et stort problem for Mobile Outfitters. Vi er derfor forpliktet til \u00e5penhet i behandlingen av personopplysningene vi samler inn. Form\u00e5let med denne erkl\u00e6ringen er \u00e5 gi deg all relevant informasjon om behandlingen av personopplysninger som kan samles inn p\u00e5 nettstedet mobileoutfitters.io. Behandling av dine personopplysninger: Generelt kan du bes\u00f8ke v\u00e5r [&hellip;]","og_url":"https:\/\/mobileoutfitters.io\/no\/personvern-erklaering\/","og_site_name":"Mobile Outfitters","article_modified_time":"2023-12-19T11:30:11+00:00","twitter_card":"summary_large_image","twitter_misc":{"Ansl. lesetid":"3 minutter"},"schema":{"@context":"https:\/\/schema.org","@graph":[{"@type":"WebPage","@id":"https:\/\/mobileoutfitters.io\/no\/personvern-erklaering\/","url":"https:\/\/mobileoutfitters.io\/no\/personvern-erklaering\/","name":"Personvern erkl\u00e6ring - Mobile Outfitters","isPartOf":{"@id":"https:\/\/mobileoutfitters.io\/no\/#website"},"datePublished":"2019-11-15T10:03:18+00:00","dateModified":"2023-12-19T11:30:11+00:00","inLanguage":"nb-NO","potentialAction":[{"@type":"ReadAction","target":["https:\/\/mobileoutfitters.io\/no\/personvern-erklaering\/"]}]},{"@type":"WebSite","@id":"https:\/\/mobileoutfitters.io\/no\/#website","url":"https:\/\/mobileoutfitters.io\/no\/","name":"Mobile Outfitters","description":"Mobile Outfitters","potentialAction":[{"@type":"SearchAction","target":{"@type":"EntryPoint","urlTemplate":"https:\/\/mobileoutfitters.io\/no\/?s={search_term_string}"},"query-input":{"@type":"PropertyValueSpecification","valueRequired":true,"valueName":"search_term_string"}}],"inLanguage":"nb-NO"}]}},"_links":{"self":[{"href":"https:\/\/mobileoutfitters.io\/no\/wp-json\/wp\/v2\/pages\/51389","targetHints":{"allow":["GET"]}}],"collection":[{"href":"https:\/\/mobileoutfitters.io\/no\/wp-json\/wp\/v2\/pages"}],"about":[{"href":"https:\/\/mobileoutfitters.io\/no\/wp-json\/wp\/v2\/types\/page"}],"author":[{"embeddable":true,"href":"https:\/\/mobileoutfitters.io\/no\/wp-json\/wp\/v2\/users\/1"}],"replies":[{"embeddable":true,"href":"https:\/\/mobileoutfitters.io\/no\/wp-json\/wp\/v2\/comments?post=51389"}],"version-history":[{"count":20,"href":"https:\/\/mobileoutfitters.io\/no\/wp-json\/wp\/v2\/pages\/51389\/revisions"}],"predecessor-version":[{"id":55441,"href":"https:\/\/mobileoutfitters.io\/no\/wp-json\/wp\/v2\/pages\/51389\/revisions\/55441"}],"wp:attachment":[{"href":"https:\/\/mobileoutfitters.io\/no\/wp-json\/wp\/v2\/media?parent=51389"}],"curies":[{"name":"wp","href":"https:\/\/api.w.org\/{rel}","templated":true}]}}