{"id":51983,"date":"2020-01-31T16:54:39","date_gmt":"2020-01-31T15:54:39","guid":{"rendered":"https:\/\/mobileoutfitters.io\/informazione-legale\/"},"modified":"2023-12-18T15:30:56","modified_gmt":"2023-12-18T14:30:56","slug":"informazione-legale","status":"publish","type":"page","link":"https:\/\/mobileoutfitters.io\/it\/informazione-legale\/","title":{"rendered":"Informazione legale"},"content":{"rendered":"<p>[et_pb_section fb_built=&#8221;1&#8243; _builder_version=&#8221;4.16&#8243; global_colors_info=&#8221;{}&#8221;][et_pb_row _builder_version=&#8221;4.16&#8243; background_size=&#8221;initial&#8221; background_position=&#8221;top_left&#8221; background_repeat=&#8221;repeat&#8221; global_colors_info=&#8221;{}&#8221;][et_pb_column type=&#8221;4_4&#8243; _builder_version=&#8221;4.16&#8243; custom_padding=&#8221;|||&#8221; global_colors_info=&#8221;{}&#8221; custom_padding__hover=&#8221;|||&#8221;][et_pb_text admin_label=&#8221;Mentions l\u00e9gales&#8221; _builder_version=&#8221;4.21.0&#8243; header_font=&#8221;|800||on||||#00b2e3|&#8221; header_text_align=&#8221;center&#8221; header_text_color=&#8221;#000000&#8243; header_font_size=&#8221;35px&#8221; custom_css_main_element=&#8221;display:block;||margin:0 auto;&#8221; custom_css_after=&#8221;   &#8221; global_colors_info=&#8221;{}&#8221;]<\/p>\n<h1>Informazione legale<\/h1>\n<p>[\/et_pb_text][et_pb_text _builder_version=&#8221;4.21.0&#8243; header_text_align=&#8221;center&#8221; background_size=&#8221;initial&#8221; background_position=&#8221;top_left&#8221; background_repeat=&#8221;repeat&#8221; hover_enabled=&#8221;0&#8243; global_colors_info=&#8221;{}&#8221; sticky_enabled=&#8221;0&#8243;]Il sito www.mobileoutfitters.io \u00e8 pubblicato da Vasco Group, societ\u00e0 per azioni semplificata con un capitale sociale di 21.814 euro, iscritta al Registro del Commercio e delle Societ\u00e0 di Versailles con il numero 844 704 577 e con sede legale in 4, all\u00e9e des Vergers, 78240 Aigremont (Francia) &#8211; tel. +331 39 11 57 80 : +331 39 11 57 80<\/p>\n<p>Il direttore della pubblicazione del sito web \u00e8 Cyril Montanari.<\/p>\n<p>Il Sito \u00e8 ospitato da O2 Switch, con sede legale in Chemin des Pardiaux, 63000 Clermont-Ferrand (Francia) e il cui numero di telefono \u00e8 +334 44 44 60 40.[\/et_pb_text][\/et_pb_column][\/et_pb_row][\/et_pb_section]<\/p>\n","protected":false},"excerpt":{"rendered":"<p>Informazione legaleIl sito www.mobileoutfitters.io \u00e8 pubblicato da Vasco Group, societ\u00e0 per azioni semplificata con un capitale sociale di 21.814 euro, iscritta al Registro del Commercio e delle Societ\u00e0 di Versailles con il numero 844 704 577 e con sede legale in 4, all\u00e9e des Vergers, 78240 Aigremont (Francia) &#8211; tel. +331 39 11 57 80 [&hellip;]<\/p>\n","protected":false},"author":1,"featured_media":0,"parent":0,"menu_order":40,"comment_status":"closed","ping_status":"closed","template":"","meta":{"_et_pb_use_builder":"on","_et_pb_old_content":"","_et_gb_content_width":"","footnotes":""},"class_list":["post-51983","page","type-page","status-publish","hentry"],"yoast_head":"<!-- This site is optimized with the Yoast SEO plugin v25.9 - https:\/\/yoast.com\/wordpress\/plugins\/seo\/ -->\n<title>Informazione legale - Mobile Outfitters<\/title>\n<meta name=\"robots\" content=\"index, follow, max-snippet:-1, max-image-preview:large, max-video-preview:-1\" \/>\n<link rel=\"canonical\" href=\"https:\/\/mobileoutfitters.io\/it\/informazione-legale\/\" \/>\n<meta property=\"og:locale\" content=\"it_IT\" \/>\n<meta property=\"og:type\" content=\"article\" \/>\n<meta property=\"og:title\" content=\"Informazione legale - Mobile Outfitters\" \/>\n<meta property=\"og:description\" content=\"Informazione legaleIl sito www.mobileoutfitters.io \u00e8 pubblicato da Vasco Group, societ\u00e0 per azioni semplificata con un capitale sociale di 21.814 euro, iscritta al Registro del Commercio e delle Societ\u00e0 di Versailles con il numero 844 704 577 e con sede legale in 4, all\u00e9e des Vergers, 78240 Aigremont (Francia) - tel. +331 39 11 57 80 [&hellip;]\" \/>\n<meta property=\"og:url\" content=\"https:\/\/mobileoutfitters.io\/it\/informazione-legale\/\" \/>\n<meta property=\"og:site_name\" content=\"Mobile Outfitters\" \/>\n<meta property=\"article:modified_time\" content=\"2023-12-18T14:30:56+00:00\" \/>\n<meta name=\"twitter:card\" content=\"summary_large_image\" \/>\n<meta name=\"twitter:label1\" content=\"Tempo di lettura stimato\" \/>\n\t<meta name=\"twitter:data1\" content=\"1 minuto\" \/>\n<script type=\"application\/ld+json\" class=\"yoast-schema-graph\">{\"@context\":\"https:\/\/schema.org\",\"@graph\":[{\"@type\":\"WebPage\",\"@id\":\"https:\/\/mobileoutfitters.io\/it\/informazione-legale\/\",\"url\":\"https:\/\/mobileoutfitters.io\/it\/informazione-legale\/\",\"name\":\"Informazione legale - Mobile Outfitters\",\"isPartOf\":{\"@id\":\"https:\/\/mobileoutfitters.io\/it\/#website\"},\"datePublished\":\"2020-01-31T15:54:39+00:00\",\"dateModified\":\"2023-12-18T14:30:56+00:00\",\"inLanguage\":\"it-IT\",\"potentialAction\":[{\"@type\":\"ReadAction\",\"target\":[\"https:\/\/mobileoutfitters.io\/it\/informazione-legale\/\"]}]},{\"@type\":\"WebSite\",\"@id\":\"https:\/\/mobileoutfitters.io\/it\/#website\",\"url\":\"https:\/\/mobileoutfitters.io\/it\/\",\"name\":\"Mobile Outfitters\",\"description\":\"Mobile Outfitters\",\"potentialAction\":[{\"@type\":\"SearchAction\",\"target\":{\"@type\":\"EntryPoint\",\"urlTemplate\":\"https:\/\/mobileoutfitters.io\/it\/?s={search_term_string}\"},\"query-input\":{\"@type\":\"PropertyValueSpecification\",\"valueRequired\":true,\"valueName\":\"search_term_string\"}}],\"inLanguage\":\"it-IT\"}]}<\/script>\n<!-- \/ Yoast SEO plugin. -->","yoast_head_json":{"title":"Informazione legale - Mobile Outfitters","robots":{"index":"index","follow":"follow","max-snippet":"max-snippet:-1","max-image-preview":"max-image-preview:large","max-video-preview":"max-video-preview:-1"},"canonical":"https:\/\/mobileoutfitters.io\/it\/informazione-legale\/","og_locale":"it_IT","og_type":"article","og_title":"Informazione legale - Mobile Outfitters","og_description":"Informazione legaleIl sito www.mobileoutfitters.io \u00e8 pubblicato da Vasco Group, societ\u00e0 per azioni semplificata con un capitale sociale di 21.814 euro, iscritta al Registro del Commercio e delle Societ\u00e0 di Versailles con il numero 844 704 577 e con sede legale in 4, all\u00e9e des Vergers, 78240 Aigremont (Francia) - tel. +331 39 11 57 80 [&hellip;]","og_url":"https:\/\/mobileoutfitters.io\/it\/informazione-legale\/","og_site_name":"Mobile Outfitters","article_modified_time":"2023-12-18T14:30:56+00:00","twitter_card":"summary_large_image","twitter_misc":{"Tempo di lettura stimato":"1 minuto"},"schema":{"@context":"https:\/\/schema.org","@graph":[{"@type":"WebPage","@id":"https:\/\/mobileoutfitters.io\/it\/informazione-legale\/","url":"https:\/\/mobileoutfitters.io\/it\/informazione-legale\/","name":"Informazione legale - Mobile Outfitters","isPartOf":{"@id":"https:\/\/mobileoutfitters.io\/it\/#website"},"datePublished":"2020-01-31T15:54:39+00:00","dateModified":"2023-12-18T14:30:56+00:00","inLanguage":"it-IT","potentialAction":[{"@type":"ReadAction","target":["https:\/\/mobileoutfitters.io\/it\/informazione-legale\/"]}]},{"@type":"WebSite","@id":"https:\/\/mobileoutfitters.io\/it\/#website","url":"https:\/\/mobileoutfitters.io\/it\/","name":"Mobile Outfitters","description":"Mobile Outfitters","potentialAction":[{"@type":"SearchAction","target":{"@type":"EntryPoint","urlTemplate":"https:\/\/mobileoutfitters.io\/it\/?s={search_term_string}"},"query-input":{"@type":"PropertyValueSpecification","valueRequired":true,"valueName":"search_term_string"}}],"inLanguage":"it-IT"}]}},"_links":{"self":[{"href":"https:\/\/mobileoutfitters.io\/it\/wp-json\/wp\/v2\/pages\/51983","targetHints":{"allow":["GET"]}}],"collection":[{"href":"https:\/\/mobileoutfitters.io\/it\/wp-json\/wp\/v2\/pages"}],"about":[{"href":"https:\/\/mobileoutfitters.io\/it\/wp-json\/wp\/v2\/types\/page"}],"author":[{"embeddable":true,"href":"https:\/\/mobileoutfitters.io\/it\/wp-json\/wp\/v2\/users\/1"}],"replies":[{"embeddable":true,"href":"https:\/\/mobileoutfitters.io\/it\/wp-json\/wp\/v2\/comments?post=51983"}],"version-history":[{"count":4,"href":"https:\/\/mobileoutfitters.io\/it\/wp-json\/wp\/v2\/pages\/51983\/revisions"}],"predecessor-version":[{"id":55113,"href":"https:\/\/mobileoutfitters.io\/it\/wp-json\/wp\/v2\/pages\/51983\/revisions\/55113"}],"wp:attachment":[{"href":"https:\/\/mobileoutfitters.io\/it\/wp-json\/wp\/v2\/media?parent=51983"}],"curies":[{"name":"wp","href":"https:\/\/api.w.org\/{rel}","templated":true}]}}