{"id":51980,"date":"2020-01-31T16:54:39","date_gmt":"2020-01-31T15:54:39","guid":{"rendered":"https:\/\/mobileoutfitters.io\/lagalegar-upplysingar\/"},"modified":"2023-12-18T15:28:35","modified_gmt":"2023-12-18T14:28:35","slug":"lagalegar-upplysingar","status":"publish","type":"page","link":"https:\/\/mobileoutfitters.io\/is\/lagalegar-upplysingar\/","title":{"rendered":"Lagalegar uppl\u00fdsingar"},"content":{"rendered":"<p>[et_pb_section fb_built=&#8220;1&#8243; _builder_version=&#8220;4.16&#8243; global_colors_info=&#8220;{}&#8220;][et_pb_row _builder_version=&#8220;4.16&#8243; background_size=&#8220;initial&#8220; background_position=&#8220;top_left&#8220; background_repeat=&#8220;repeat&#8220; global_colors_info=&#8220;{}&#8220;][et_pb_column type=&#8220;4_4&#8243; _builder_version=&#8220;4.16&#8243; custom_padding=&#8220;|||&#8220; global_colors_info=&#8220;{}&#8220; custom_padding__hover=&#8220;|||&#8220;][et_pb_text admin_label=&#8220;Mentions l\u00e9gales&#8220; _builder_version=&#8220;4.21.0&#8243; header_font=&#8220;|800||on||||#00b2e3|&#8220; header_text_align=&#8220;center&#8220; header_text_color=&#8220;#000000&#8243; header_font_size=&#8220;35px&#8220; custom_css_main_element=&#8220;display:block;||margin:0 auto;&#8220; custom_css_after=&#8220;   &#8220; global_colors_info=&#8220;{}&#8220;]<\/p>\n<h1>Lagalegar uppl\u00fdsingar<\/h1>\n<p>[\/et_pb_text][et_pb_text _builder_version=&#8220;4.21.0&#8243; header_text_align=&#8220;center&#8220; background_size=&#8220;initial&#8220; background_position=&#8220;top_left&#8220; background_repeat=&#8220;repeat&#8220; hover_enabled=&#8220;0&#8243; global_colors_info=&#8220;{}&#8220; sticky_enabled=&#8220;0&#8243;]Vefs\u00ed\u00f0an www.mobileoutfitters.io er gefin \u00fat af Vasco Group, einf\u00f6ldu\u00f0u hlutaf\u00e9lagi me\u00f0 hlutaf\u00e9 upp \u00e1 21.814 evrur, skr\u00e1\u00f0 \u00ed Versailles vi\u00f0skipta- og fyrirt\u00e6kjaskr\u00e1 undir n\u00fameri 844 704 577 og me\u00f0 skr\u00e1\u00f0a skrifstofu a\u00f0 4, all\u00e9e des Vergers, 78240 Aigremont (Frakklandi) &#8211; s. +331 39 11 57 80 : +331 39 11 57 80<\/p>\n<p>\u00datg\u00e1fustj\u00f3ri vefs\u00ed\u00f0unnar er Cyril Montanari.<\/p>\n<p>Vefs\u00ed\u00f0an er h\u00fdst af O2 Switch, sem hefur skr\u00e1\u00f0 skrifstofa \u00e1 Chemin des Pardiaux, 63000 Clermont-Ferrand (Frakklandi) og s\u00edman\u00fameri\u00f0 er +334 44 44 60 40.[\/et_pb_text][\/et_pb_column][\/et_pb_row][\/et_pb_section]<\/p>\n","protected":false},"excerpt":{"rendered":"<p>Lagalegar uppl\u00fdsingarVefs\u00ed\u00f0an www.mobileoutfitters.io er gefin \u00fat af Vasco Group, einf\u00f6ldu\u00f0u hlutaf\u00e9lagi me\u00f0 hlutaf\u00e9 upp \u00e1 21.814 evrur, skr\u00e1\u00f0 \u00ed Versailles vi\u00f0skipta- og fyrirt\u00e6kjaskr\u00e1 undir n\u00fameri 844 704 577 og me\u00f0 skr\u00e1\u00f0a skrifstofu a\u00f0 4, all\u00e9e des Vergers, 78240 Aigremont (Frakklandi) &#8211; s. +331 39 11 57 80 : +331 39 11 57 80 \u00datg\u00e1fustj\u00f3ri vefs\u00ed\u00f0unnar [&hellip;]<\/p>\n","protected":false},"author":1,"featured_media":0,"parent":0,"menu_order":40,"comment_status":"closed","ping_status":"closed","template":"","meta":{"_et_pb_use_builder":"on","_et_pb_old_content":"","_et_gb_content_width":"","footnotes":""},"class_list":["post-51980","page","type-page","status-publish","hentry"],"yoast_head":"<!-- This site is optimized with the Yoast SEO plugin v25.9 - https:\/\/yoast.com\/wordpress\/plugins\/seo\/ -->\n<title>Lagalegar uppl\u00fdsingar - Mobile Outfitters<\/title>\n<meta name=\"robots\" content=\"index, follow, max-snippet:-1, max-image-preview:large, max-video-preview:-1\" \/>\n<link rel=\"canonical\" href=\"https:\/\/mobileoutfitters.io\/is\/lagalegar-upplysingar\/\" \/>\n<meta property=\"og:locale\" content=\"is_IS\" \/>\n<meta property=\"og:type\" content=\"article\" \/>\n<meta property=\"og:title\" content=\"Lagalegar uppl\u00fdsingar - Mobile Outfitters\" \/>\n<meta property=\"og:description\" content=\"Lagalegar uppl\u00fdsingarVefs\u00ed\u00f0an www.mobileoutfitters.io er gefin \u00fat af Vasco Group, einf\u00f6ldu\u00f0u hlutaf\u00e9lagi me\u00f0 hlutaf\u00e9 upp \u00e1 21.814 evrur, skr\u00e1\u00f0 \u00ed Versailles vi\u00f0skipta- og fyrirt\u00e6kjaskr\u00e1 undir n\u00fameri 844 704 577 og me\u00f0 skr\u00e1\u00f0a skrifstofu a\u00f0 4, all\u00e9e des Vergers, 78240 Aigremont (Frakklandi) - s. +331 39 11 57 80 : +331 39 11 57 80 \u00datg\u00e1fustj\u00f3ri vefs\u00ed\u00f0unnar [&hellip;]\" \/>\n<meta property=\"og:url\" content=\"https:\/\/mobileoutfitters.io\/is\/lagalegar-upplysingar\/\" \/>\n<meta property=\"og:site_name\" content=\"Mobile Outfitters\" \/>\n<meta property=\"article:modified_time\" content=\"2023-12-18T14:28:35+00:00\" \/>\n<meta name=\"twitter:card\" content=\"summary_large_image\" \/>\n<meta name=\"twitter:label1\" content=\"Est. reading time\" \/>\n\t<meta name=\"twitter:data1\" content=\"1 minute\" \/>\n<script type=\"application\/ld+json\" class=\"yoast-schema-graph\">{\"@context\":\"https:\/\/schema.org\",\"@graph\":[{\"@type\":\"WebPage\",\"@id\":\"https:\/\/mobileoutfitters.io\/is\/lagalegar-upplysingar\/\",\"url\":\"https:\/\/mobileoutfitters.io\/is\/lagalegar-upplysingar\/\",\"name\":\"Lagalegar uppl\u00fdsingar - Mobile Outfitters\",\"isPartOf\":{\"@id\":\"https:\/\/mobileoutfitters.io\/is\/#website\"},\"datePublished\":\"2020-01-31T15:54:39+00:00\",\"dateModified\":\"2023-12-18T14:28:35+00:00\",\"inLanguage\":\"is\",\"potentialAction\":[{\"@type\":\"ReadAction\",\"target\":[\"https:\/\/mobileoutfitters.io\/is\/lagalegar-upplysingar\/\"]}]},{\"@type\":\"WebSite\",\"@id\":\"https:\/\/mobileoutfitters.io\/is\/#website\",\"url\":\"https:\/\/mobileoutfitters.io\/is\/\",\"name\":\"Mobile Outfitters\",\"description\":\"Mobile Outfitters\",\"potentialAction\":[{\"@type\":\"SearchAction\",\"target\":{\"@type\":\"EntryPoint\",\"urlTemplate\":\"https:\/\/mobileoutfitters.io\/is\/?s={search_term_string}\"},\"query-input\":{\"@type\":\"PropertyValueSpecification\",\"valueRequired\":true,\"valueName\":\"search_term_string\"}}],\"inLanguage\":\"is\"}]}<\/script>\n<!-- \/ Yoast SEO plugin. -->","yoast_head_json":{"title":"Lagalegar uppl\u00fdsingar - Mobile Outfitters","robots":{"index":"index","follow":"follow","max-snippet":"max-snippet:-1","max-image-preview":"max-image-preview:large","max-video-preview":"max-video-preview:-1"},"canonical":"https:\/\/mobileoutfitters.io\/is\/lagalegar-upplysingar\/","og_locale":"is_IS","og_type":"article","og_title":"Lagalegar uppl\u00fdsingar - Mobile Outfitters","og_description":"Lagalegar uppl\u00fdsingarVefs\u00ed\u00f0an www.mobileoutfitters.io er gefin \u00fat af Vasco Group, einf\u00f6ldu\u00f0u hlutaf\u00e9lagi me\u00f0 hlutaf\u00e9 upp \u00e1 21.814 evrur, skr\u00e1\u00f0 \u00ed Versailles vi\u00f0skipta- og fyrirt\u00e6kjaskr\u00e1 undir n\u00fameri 844 704 577 og me\u00f0 skr\u00e1\u00f0a skrifstofu a\u00f0 4, all\u00e9e des Vergers, 78240 Aigremont (Frakklandi) - s. +331 39 11 57 80 : +331 39 11 57 80 \u00datg\u00e1fustj\u00f3ri vefs\u00ed\u00f0unnar [&hellip;]","og_url":"https:\/\/mobileoutfitters.io\/is\/lagalegar-upplysingar\/","og_site_name":"Mobile Outfitters","article_modified_time":"2023-12-18T14:28:35+00:00","twitter_card":"summary_large_image","twitter_misc":{"Est. reading time":"1 minute"},"schema":{"@context":"https:\/\/schema.org","@graph":[{"@type":"WebPage","@id":"https:\/\/mobileoutfitters.io\/is\/lagalegar-upplysingar\/","url":"https:\/\/mobileoutfitters.io\/is\/lagalegar-upplysingar\/","name":"Lagalegar uppl\u00fdsingar - Mobile Outfitters","isPartOf":{"@id":"https:\/\/mobileoutfitters.io\/is\/#website"},"datePublished":"2020-01-31T15:54:39+00:00","dateModified":"2023-12-18T14:28:35+00:00","inLanguage":"is","potentialAction":[{"@type":"ReadAction","target":["https:\/\/mobileoutfitters.io\/is\/lagalegar-upplysingar\/"]}]},{"@type":"WebSite","@id":"https:\/\/mobileoutfitters.io\/is\/#website","url":"https:\/\/mobileoutfitters.io\/is\/","name":"Mobile Outfitters","description":"Mobile Outfitters","potentialAction":[{"@type":"SearchAction","target":{"@type":"EntryPoint","urlTemplate":"https:\/\/mobileoutfitters.io\/is\/?s={search_term_string}"},"query-input":{"@type":"PropertyValueSpecification","valueRequired":true,"valueName":"search_term_string"}}],"inLanguage":"is"}]}},"_links":{"self":[{"href":"https:\/\/mobileoutfitters.io\/is\/wp-json\/wp\/v2\/pages\/51980","targetHints":{"allow":["GET"]}}],"collection":[{"href":"https:\/\/mobileoutfitters.io\/is\/wp-json\/wp\/v2\/pages"}],"about":[{"href":"https:\/\/mobileoutfitters.io\/is\/wp-json\/wp\/v2\/types\/page"}],"author":[{"embeddable":true,"href":"https:\/\/mobileoutfitters.io\/is\/wp-json\/wp\/v2\/users\/1"}],"replies":[{"embeddable":true,"href":"https:\/\/mobileoutfitters.io\/is\/wp-json\/wp\/v2\/comments?post=51980"}],"version-history":[{"count":4,"href":"https:\/\/mobileoutfitters.io\/is\/wp-json\/wp\/v2\/pages\/51980\/revisions"}],"predecessor-version":[{"id":55111,"href":"https:\/\/mobileoutfitters.io\/is\/wp-json\/wp\/v2\/pages\/51980\/revisions\/55111"}],"wp:attachment":[{"href":"https:\/\/mobileoutfitters.io\/is\/wp-json\/wp\/v2\/media?parent=51980"}],"curies":[{"name":"wp","href":"https:\/\/api.w.org\/{rel}","templated":true}]}}