{"id":51374,"date":"2019-11-15T11:03:18","date_gmt":"2019-11-15T10:03:18","guid":{"rendered":"https:\/\/mobileoutfitters.io\/politique-de-confidentialite\/"},"modified":"2023-12-19T12:33:12","modified_gmt":"2023-12-19T11:33:12","slug":"tietosuojakaytanto","status":"publish","type":"page","link":"https:\/\/mobileoutfitters.io\/fi\/tietosuojakaytanto\/","title":{"rendered":"Tietosuojak\u00e4yt\u00e4nt\u00f6"},"content":{"rendered":"<p>[et_pb_section fb_built=&#8221;1&#8243; _builder_version=&#8221;4.16&#8243; global_colors_info=&#8221;{}&#8221;][et_pb_row _builder_version=&#8221;4.16&#8243; background_size=&#8221;initial&#8221; background_position=&#8221;top_left&#8221; background_repeat=&#8221;repeat&#8221; global_colors_info=&#8221;{}&#8221;][et_pb_column type=&#8221;4_4&#8243; _builder_version=&#8221;4.16&#8243; custom_padding=&#8221;|||&#8221; global_colors_info=&#8221;{}&#8221; custom_padding__hover=&#8221;|||&#8221;][et_pb_text admin_label=&#8221;Politique de confidentialit\u00e9&#8221; _builder_version=&#8221;4.16&#8243; header_font=&#8221;|800||on||||#00b2e3|&#8221; header_text_align=&#8221;center&#8221; header_text_color=&#8221;#000000&#8243; header_font_size=&#8221;35px&#8221; custom_css_main_element=&#8221;display:block;||margin:0 auto;&#8221; custom_css_after=&#8221;   &#8221; global_colors_info=&#8221;{}&#8221;]<\/p>\n<h1>Tietosuojak\u00e4yt\u00e4nt\u00f6<\/h1>\n<p>[\/et_pb_text][et_pb_text _builder_version=&#8221;4.21.0&#8243; header_text_align=&#8221;center&#8221; background_size=&#8221;initial&#8221; background_position=&#8221;top_left&#8221; background_repeat=&#8221;repeat&#8221; global_colors_info=&#8221;{}&#8221;]<\/p>\n<p>Henkil\u00f6tietojen suojaaminen on Mobile Outfittersille t\u00e4rke\u00e4 asia. Siksi olemme sitoutuneet l\u00e4pin\u00e4kyvyy\u00e4\u00e4n toimintaan ker\u00e4\u00e4miemme henkil\u00f6tietojen k\u00e4sittelyss\u00e4. T\u00e4m\u00e4n tekstin tarkoituksena on antaa sinulle kaikki olennaiset tiedot, jotka koskevat mobileoutfitters.io-sivustolla mahdollisesti ker\u00e4ttyjen henkil\u00f6tietojen <a href=\"http:\/\/mobileoutfitters.io\/\">k\u00e4sittely\u00e4<\/a>.<\/p>\n<h2>Henkil\u00f6tietojen k\u00e4sittely:<\/h2>\n<p>Yleisesti ottaen voit vierailla verkkosivustollamme antamatta mit\u00e4\u00e4n henkil\u00f6tietoja itsest\u00e4si. K\u00e4ytt\u00e4ess\u00e4si tiettyj\u00e4 verkkosivustojemme osia ja\/tai k\u00e4ytt\u00e4ess\u00e4si tiettyj\u00e4 tietoja tai palveluja saatamme kuitenkin joutua ker\u00e4\u00e4m\u00e4\u00e4n henkil\u00f6tietojasi, joita k\u00e4sittelemme j\u00e4ljemp\u00e4n\u00e4 mainittuihin tarkoituksiin.<br \/>Mobile Outfitters voi ker\u00e4t\u00e4 ja k\u00e4sitell\u00e4 henkil\u00f6tietojasi, kun vierailet t\u00e4ll\u00e4 sivustolla, kun pyyd\u00e4t yhteydenottoa, tietoja, takaisinsoittoa tai ty\u00f6hakemusta.<br \/>Tietoja ei koskaan k\u00e4ytet\u00e4 muihin tarkoituksiin eik\u00e4 niit\u00e4 luovuteta yhteisty\u00f6kumppaneille, ellei tietojen omistaja anna siihen suostumustaan. Muita kuin t\u00e4ss\u00e4 yhteydess\u00e4 pyydettyj\u00e4 henkil\u00f6tietoja ei ker\u00e4t\u00e4 asianomaisten henkil\u00f6iden tiet\u00e4m\u00e4tt\u00e4.<br \/>Sivuston k\u00e4ytt\u00e4ji\u00e4 muistutetaan yst\u00e4v\u00e4llisesti siit\u00e4, ett\u00e4 myyntisopimuksen tekeminen edellytt\u00e4\u00e4 henkil\u00f6tietojen toimittamista. K\u00e4ytt\u00e4jien, jotka haluavat tehd\u00e4 myyntisopimuksen mobileoutfitters.io-sivuston kanssa, on oltava tietoisia siit\u00e4, ett\u00e4 jos pyydettyj\u00e4 tietoja ei anneta, sopimusprosessia ei voida jatkaa.<\/p>\n<h2>Henkil\u00f6tietojen s\u00e4ilytt\u00e4minen :<\/h2>\n<p>Lis\u00e4ksi ker\u00e4tyt tiedot s\u00e4ilytet\u00e4\u00e4n :<br \/>&#8211; Asiakkaille: koko kauppasuhteen ajan. Tietoja s\u00e4ilytet\u00e4\u00e4n kaupallisia tarkoituksia varten enint\u00e4\u00e4n 3 vuoden ajan kaupallisen suhteen p\u00e4\u00e4ttymisest\u00e4,<br \/>&#8211; Muiden kuin mahdollisten asiakkaiden osalta: enint\u00e4\u00e4n 3 vuotta siit\u00e4, kun rekisterinpit\u00e4j\u00e4 on ker\u00e4nnyt tiedot tai kun ehdokas on viimeksi ottanut yhteytt\u00e4.<\/p>\n<p>&#8211; Hakijoiden osalta: enint\u00e4\u00e4n 3 vuotta siit\u00e4, kun rekisterinpit\u00e4j\u00e4 on ker\u00e4nnyt tiedot tai hakija on viimeksi ottanut yhteytt\u00e4.<\/p>\n<p>T\u00e4ll\u00e4 sivustolla henkil\u00f6tietojen k\u00e4sittelyn kautta ker\u00e4ttyj\u00e4 tietoja ei my\u00f6sk\u00e4\u00e4n siirret\u00e4 Euroopan unionin ulkopuolelle.<br \/>Tietoturvallisuus:<br \/>Mobile Outfitters k\u00e4ytt\u00e4\u00e4 erilaisia teknisi\u00e4 ja organisatorisia turvatoimia suojellakseen ker\u00e4\u00e4mi\u00e4mme, k\u00e4ytt\u00e4mi\u00e4mme tai siirt\u00e4mi\u00e4mme henkil\u00f6tietoja katoamiselta, v\u00e4\u00e4rink\u00e4yt\u00f6lt\u00e4, v\u00e4\u00e4rent\u00e4miselt\u00e4 tai tuhoamiselta.<br \/>Huolehdimme my\u00f6s eritt\u00e4in huolellisesti sivustomme kautta kulkevien tietojen turvallisuudesta ja luottamuksellisuudesta. Sivuston taustatoimistoon p\u00e4\u00e4see sis\u00e4\u00e4nkirjautumisten ja monimutkaisten salasanojen avulla, joissa on vahva suojaus sek\u00e4 kaksivaiheinen todennus. Sama koskee postilaatikkoa, jossa s\u00e4ilytet\u00e4\u00e4n k\u00e4ytt\u00e4jien ja Mobile Outfittersin henkil\u00f6tietoja.<br \/>mobileoutfitters.io-sivusto on my\u00f6s varustettu lukuisilla turvamoduuleilla, jotka est\u00e4v\u00e4t haitallisten tunkeutumisten ja tietovuodon.<br \/>T\u00e4m\u00e4n sivuston tai Mobile Outfittersin k\u00e4ytt\u00e4j\u00e4 voi kuitenkin milloin tahansa tehd\u00e4 valituksen Ranskan valvontaviranomaiselle Commission Nationale Informatique et Libert\u00e9sille (CNIL).<\/p>\n<h2>Sinun oikeutesi :<\/h2>\n<p>Yleisen tietosuoja-asetuksen 15 artiklan ja sit\u00e4 seuraavien artiklojen mukaisesti t\u00e4m\u00e4n sivuston k\u00e4ytt\u00e4jill\u00e4 on oikeus tutustua itse\u00e4\u00e4n koskeviin tietoihin, oikaista, poistaa ja rajoittaa niit\u00e4 sek\u00e4 oikeus vastustaa mobileoutfitters.io-sivuston kautta tapahtuvaa tietojen k\u00e4sittely\u00e4.<\/p>\n<h2>Ulkoiset nettisivut:<\/h2>\n<p>Mobile Outfittersin Internet-sivustoilla voi olla linkkej\u00e4 ulkoisille Internet-sivustoille. Mobile Outfitters ei anna takuuta ulkoisten verkkosivujen toiminnasta. On t\u00e4rke\u00e4\u00e4, ett\u00e4 tied\u00e4t, ett\u00e4 n\u00e4iden ulkopuolisten internetsivustojen omistajat ja yll\u00e4pit\u00e4j\u00e4t saattavat ker\u00e4t\u00e4, k\u00e4ytt\u00e4\u00e4 tai siirt\u00e4\u00e4 henkil\u00f6tietoja ehdoilla, jotka poikkeavat Mobile Outfittersin ehdoista. Kun otat yhteyden ulkoiselle verkkosivustolle, sinun on tutustuttava n\u00e4iden ulkoisten verkkosivustojen luottamuksellisuus- ja turvatoimiin.<\/p>\n<p>[\/et_pb_text][\/et_pb_column][\/et_pb_row][\/et_pb_section]<\/p>\n","protected":false},"excerpt":{"rendered":"<p>Tietosuojak\u00e4yt\u00e4nt\u00f6Henkil\u00f6tietojen suojaaminen on Mobile Outfittersille t\u00e4rke\u00e4 asia. Siksi olemme sitoutuneet l\u00e4pin\u00e4kyvyy\u00e4\u00e4n toimintaan ker\u00e4\u00e4miemme henkil\u00f6tietojen k\u00e4sittelyss\u00e4. T\u00e4m\u00e4n tekstin tarkoituksena on antaa sinulle kaikki olennaiset tiedot, jotka koskevat mobileoutfitters.io-sivustolla mahdollisesti ker\u00e4ttyjen henkil\u00f6tietojen k\u00e4sittely\u00e4. Henkil\u00f6tietojen k\u00e4sittely: Yleisesti ottaen voit vierailla verkkosivustollamme antamatta mit\u00e4\u00e4n henkil\u00f6tietoja itsest\u00e4si. K\u00e4ytt\u00e4ess\u00e4si tiettyj\u00e4 verkkosivustojemme osia ja\/tai k\u00e4ytt\u00e4ess\u00e4si tiettyj\u00e4 tietoja tai palveluja saatamme kuitenkin joutua [&hellip;]<\/p>\n","protected":false},"author":1,"featured_media":0,"parent":0,"menu_order":40,"comment_status":"closed","ping_status":"closed","template":"","meta":{"_et_pb_use_builder":"on","_et_pb_old_content":"","_et_gb_content_width":"","footnotes":""},"class_list":["post-51374","page","type-page","status-publish","hentry"],"yoast_head":"<!-- This site is optimized with the Yoast SEO plugin v25.9 - https:\/\/yoast.com\/wordpress\/plugins\/seo\/ -->\n<title>Tietosuojak\u00e4yt\u00e4nt\u00f6 - Mobile Outfitters<\/title>\n<meta name=\"robots\" content=\"index, follow, max-snippet:-1, max-image-preview:large, max-video-preview:-1\" \/>\n<link rel=\"canonical\" href=\"https:\/\/mobileoutfitters.io\/fi\/tietosuojakaytanto\/\" \/>\n<meta property=\"og:locale\" content=\"fi_FI\" \/>\n<meta property=\"og:type\" content=\"article\" \/>\n<meta property=\"og:title\" content=\"Tietosuojak\u00e4yt\u00e4nt\u00f6 - Mobile Outfitters\" \/>\n<meta property=\"og:description\" content=\"Tietosuojak\u00e4yt\u00e4nt\u00f6Henkil\u00f6tietojen suojaaminen on Mobile Outfittersille t\u00e4rke\u00e4 asia. Siksi olemme sitoutuneet l\u00e4pin\u00e4kyvyy\u00e4\u00e4n toimintaan ker\u00e4\u00e4miemme henkil\u00f6tietojen k\u00e4sittelyss\u00e4. T\u00e4m\u00e4n tekstin tarkoituksena on antaa sinulle kaikki olennaiset tiedot, jotka koskevat mobileoutfitters.io-sivustolla mahdollisesti ker\u00e4ttyjen henkil\u00f6tietojen k\u00e4sittely\u00e4. Henkil\u00f6tietojen k\u00e4sittely: Yleisesti ottaen voit vierailla verkkosivustollamme antamatta mit\u00e4\u00e4n henkil\u00f6tietoja itsest\u00e4si. K\u00e4ytt\u00e4ess\u00e4si tiettyj\u00e4 verkkosivustojemme osia ja\/tai k\u00e4ytt\u00e4ess\u00e4si tiettyj\u00e4 tietoja tai palveluja saatamme kuitenkin joutua [&hellip;]\" \/>\n<meta property=\"og:url\" content=\"https:\/\/mobileoutfitters.io\/fi\/tietosuojakaytanto\/\" \/>\n<meta property=\"og:site_name\" content=\"Mobile Outfitters\" \/>\n<meta property=\"article:modified_time\" content=\"2023-12-19T11:33:12+00:00\" \/>\n<meta name=\"twitter:card\" content=\"summary_large_image\" \/>\n<meta name=\"twitter:label1\" content=\"Arvioitu lukuaika\" \/>\n\t<meta name=\"twitter:data1\" content=\"3 minuuttia\" \/>\n<script type=\"application\/ld+json\" class=\"yoast-schema-graph\">{\"@context\":\"https:\/\/schema.org\",\"@graph\":[{\"@type\":\"WebPage\",\"@id\":\"https:\/\/mobileoutfitters.io\/fi\/tietosuojakaytanto\/\",\"url\":\"https:\/\/mobileoutfitters.io\/fi\/tietosuojakaytanto\/\",\"name\":\"Tietosuojak\u00e4yt\u00e4nt\u00f6 - Mobile Outfitters\",\"isPartOf\":{\"@id\":\"https:\/\/mobileoutfitters.io\/fi\/#website\"},\"datePublished\":\"2019-11-15T10:03:18+00:00\",\"dateModified\":\"2023-12-19T11:33:12+00:00\",\"inLanguage\":\"fi\",\"potentialAction\":[{\"@type\":\"ReadAction\",\"target\":[\"https:\/\/mobileoutfitters.io\/fi\/tietosuojakaytanto\/\"]}]},{\"@type\":\"WebSite\",\"@id\":\"https:\/\/mobileoutfitters.io\/fi\/#website\",\"url\":\"https:\/\/mobileoutfitters.io\/fi\/\",\"name\":\"Mobile Outfitters\",\"description\":\"Mobile Outfitters\",\"potentialAction\":[{\"@type\":\"SearchAction\",\"target\":{\"@type\":\"EntryPoint\",\"urlTemplate\":\"https:\/\/mobileoutfitters.io\/fi\/?s={search_term_string}\"},\"query-input\":{\"@type\":\"PropertyValueSpecification\",\"valueRequired\":true,\"valueName\":\"search_term_string\"}}],\"inLanguage\":\"fi\"}]}<\/script>\n<!-- \/ Yoast SEO plugin. -->","yoast_head_json":{"title":"Tietosuojak\u00e4yt\u00e4nt\u00f6 - Mobile Outfitters","robots":{"index":"index","follow":"follow","max-snippet":"max-snippet:-1","max-image-preview":"max-image-preview:large","max-video-preview":"max-video-preview:-1"},"canonical":"https:\/\/mobileoutfitters.io\/fi\/tietosuojakaytanto\/","og_locale":"fi_FI","og_type":"article","og_title":"Tietosuojak\u00e4yt\u00e4nt\u00f6 - Mobile Outfitters","og_description":"Tietosuojak\u00e4yt\u00e4nt\u00f6Henkil\u00f6tietojen suojaaminen on Mobile Outfittersille t\u00e4rke\u00e4 asia. Siksi olemme sitoutuneet l\u00e4pin\u00e4kyvyy\u00e4\u00e4n toimintaan ker\u00e4\u00e4miemme henkil\u00f6tietojen k\u00e4sittelyss\u00e4. T\u00e4m\u00e4n tekstin tarkoituksena on antaa sinulle kaikki olennaiset tiedot, jotka koskevat mobileoutfitters.io-sivustolla mahdollisesti ker\u00e4ttyjen henkil\u00f6tietojen k\u00e4sittely\u00e4. Henkil\u00f6tietojen k\u00e4sittely: Yleisesti ottaen voit vierailla verkkosivustollamme antamatta mit\u00e4\u00e4n henkil\u00f6tietoja itsest\u00e4si. K\u00e4ytt\u00e4ess\u00e4si tiettyj\u00e4 verkkosivustojemme osia ja\/tai k\u00e4ytt\u00e4ess\u00e4si tiettyj\u00e4 tietoja tai palveluja saatamme kuitenkin joutua [&hellip;]","og_url":"https:\/\/mobileoutfitters.io\/fi\/tietosuojakaytanto\/","og_site_name":"Mobile Outfitters","article_modified_time":"2023-12-19T11:33:12+00:00","twitter_card":"summary_large_image","twitter_misc":{"Arvioitu lukuaika":"3 minuuttia"},"schema":{"@context":"https:\/\/schema.org","@graph":[{"@type":"WebPage","@id":"https:\/\/mobileoutfitters.io\/fi\/tietosuojakaytanto\/","url":"https:\/\/mobileoutfitters.io\/fi\/tietosuojakaytanto\/","name":"Tietosuojak\u00e4yt\u00e4nt\u00f6 - Mobile Outfitters","isPartOf":{"@id":"https:\/\/mobileoutfitters.io\/fi\/#website"},"datePublished":"2019-11-15T10:03:18+00:00","dateModified":"2023-12-19T11:33:12+00:00","inLanguage":"fi","potentialAction":[{"@type":"ReadAction","target":["https:\/\/mobileoutfitters.io\/fi\/tietosuojakaytanto\/"]}]},{"@type":"WebSite","@id":"https:\/\/mobileoutfitters.io\/fi\/#website","url":"https:\/\/mobileoutfitters.io\/fi\/","name":"Mobile Outfitters","description":"Mobile Outfitters","potentialAction":[{"@type":"SearchAction","target":{"@type":"EntryPoint","urlTemplate":"https:\/\/mobileoutfitters.io\/fi\/?s={search_term_string}"},"query-input":{"@type":"PropertyValueSpecification","valueRequired":true,"valueName":"search_term_string"}}],"inLanguage":"fi"}]}},"_links":{"self":[{"href":"https:\/\/mobileoutfitters.io\/fi\/wp-json\/wp\/v2\/pages\/51374","targetHints":{"allow":["GET"]}}],"collection":[{"href":"https:\/\/mobileoutfitters.io\/fi\/wp-json\/wp\/v2\/pages"}],"about":[{"href":"https:\/\/mobileoutfitters.io\/fi\/wp-json\/wp\/v2\/types\/page"}],"author":[{"embeddable":true,"href":"https:\/\/mobileoutfitters.io\/fi\/wp-json\/wp\/v2\/users\/1"}],"replies":[{"embeddable":true,"href":"https:\/\/mobileoutfitters.io\/fi\/wp-json\/wp\/v2\/comments?post=51374"}],"version-history":[{"count":12,"href":"https:\/\/mobileoutfitters.io\/fi\/wp-json\/wp\/v2\/pages\/51374\/revisions"}],"predecessor-version":[{"id":55451,"href":"https:\/\/mobileoutfitters.io\/fi\/wp-json\/wp\/v2\/pages\/51374\/revisions\/55451"}],"wp:attachment":[{"href":"https:\/\/mobileoutfitters.io\/fi\/wp-json\/wp\/v2\/media?parent=51374"}],"curies":[{"name":"wp","href":"https:\/\/api.w.org\/{rel}","templated":true}]}}