{"id":52026,"date":"2020-03-17T15:12:59","date_gmt":"2020-03-17T14:12:59","guid":{"rendered":"https:\/\/mobileoutfitters.io\/tos\/"},"modified":"2023-12-19T11:54:51","modified_gmt":"2023-12-19T10:54:51","slug":"tos","status":"publish","type":"page","link":"https:\/\/mobileoutfitters.io\/de\/tos\/","title":{"rendered":"TOS"},"content":{"rendered":"<p>[et_pb_section fb_built=&#8220;1&#8243; _builder_version=&#8220;4.16&#8243; global_colors_info=&#8220;{}&#8220;][et_pb_row _builder_version=&#8220;4.16&#8243; background_size=&#8220;initial&#8220; background_position=&#8220;top_left&#8220; background_repeat=&#8220;repeat&#8220; global_colors_info=&#8220;{}&#8220;][et_pb_column type=&#8220;4_4&#8243; _builder_version=&#8220;4.16&#8243; custom_padding=&#8220;|||&#8220; global_colors_info=&#8220;{}&#8220; custom_padding__hover=&#8220;|||&#8220;][et_pb_text admin_label=&#8220;CGU&#8220; _builder_version=&#8220;4.16&#8243; header_font=&#8220;|800||on||||#00b2e3|&#8220; header_text_align=&#8220;center&#8220; header_text_color=&#8220;#000000&#8243; header_font_size=&#8220;35px&#8220; custom_css_main_element=&#8220;display:block;||margin:0 auto;&#8220; custom_css_after=&#8220;   &#8220; global_colors_info=&#8220;{}&#8220;]<\/p>\n<h1>TOS<\/h1>\n<p>[\/et_pb_text][et_pb_text _builder_version=&#8220;4.21.0&#8243; header_text_align=&#8220;center&#8220; background_size=&#8220;initial&#8220; background_position=&#8220;top_left&#8220; background_repeat=&#8220;repeat&#8220; hover_enabled=&#8220;0&#8243; global_colors_info=&#8220;{}&#8220; sticky_enabled=&#8220;0&#8243;]Die Website www.mobileoutfitters.io (im Folgenden &#8222;Website&#8220;) wird von Vasco Group, einer vereinfachten Aktiengesellschaft mit einem Grundkapital von 21.814 \u20ac, eingetragen im Handels- und Gesellschaftsregister von Versailles unter der Nummer 844 704 577 und mit Sitz 4, all\u00e9e des Vergers, 78240 Aigremont (Frankreich) &#8211; Tel. +331 39 11 57 80 (im Folgenden &#8222;Mobile Ausstatter&#8220; oder &#8222;wir&#8220;).<\/p>\n<p>Der Leiter der Publikation ist Cyril Montanari.<\/p>\n<p>Die Website wird von O2 Switch betrieben, deren Sitz sich in Chemin des Pardiaux, 63000 Clermont-Ferrand (Frankreich), 2 befindet und deren Telefonnummer +334 44 44 60 40 ist.<\/p>\n<p>Die auf der Website angebotenen Dienste werden &#8222;wie besehen&#8220; bereitgestellt und unterliegen diesen Allgemeinen Nutzungsbedingungen (nachfolgend die &#8222;AGB&#8220;).<\/p>\n<h4>1. BESCHREIBUNG DER WEBSITE<\/h4>\n<p>Die Website erlaubt jedem Benutzer (nachfolgend der &#8222;Benutzer&#8220;):<br \/>\n&#8211; de d\u00e9couvrir les produits vendus par MOBILE OUTFITTERS.<br \/>\n&#8211; De commander des produits disponibles \u00e0 la vente dans la boutique du Site Internet, conform\u00e9ment aux Conditions G\u00e9n\u00e9rales de Vente.<\/p>\n<p>Die Website kann vom Benutzer kostenlos f\u00fcr den streng pers\u00f6nlichen, privaten und nicht kollektiven Gebrauch verwendet werden.<\/p>\n<p>MOBILE OUTFITTERS \u00fcbernimmt keine Garantie f\u00fcr die Kontinuit\u00e4t oder Leistungsf\u00e4higkeit der Website und auch nicht daf\u00fcr, dass die Website frei von Fehlern oder anderen Fehlern ist, da ein Programmierfehler oder technischer Vorfall immer m\u00f6glich ist.<\/p>\n<h4>2. VERANTWORTUNG DES NUTZERS<\/h4>\n<p>Die Nutzer sind f\u00fcr ihre Computer-Hardware, Daten und Software sowie f\u00fcr die Netzwerkverbindung, die ihnen den Zugriff auf die Website erm\u00f6glicht, verantwortlich.<\/p>\n<h4>3. LINKS ZU WEBSITES DRITTER<\/h4>\n<p>MOBILE OUTFITTERS fungiert als Content Host im Sinne des Gesetzes Nr. 2004-575 vom 21. Juni 2004 \u00fcber das Vertrauen in die digitale Wirtschaft in Bezug auf Links zu Websites Dritter, die \u00fcber die Website zug\u00e4nglich sind. MOBILE OUTFITTERS kann f\u00fcr diese Links daher nur dann haftbar gemacht werden, wenn MOBILE OUTFITTERS auf illegale Inhalte aufmerksam geworden ist und diese nicht umgehend entfernt hat.<\/p>\n<p>Vorbehaltlich dessen \u00fcbernimmt MOBILE OUTFITTERS keine Verantwortung f\u00fcr die Nutzung von Websites Dritter, die \u00fcber die Website zug\u00e4nglich sind. Sobald Sie auf eine Website eines Drittanbieters weitergeleitet werden, entfallen diese AGB; es gelten ausschlie\u00dflich die allgemeinen Gesch\u00e4ftsbedingungen der Website des Drittanbieters.<\/p>\n<p>Wenn Sie \u00fcber die Website auf illegale Websites zugreifen, benachrichtigen Sie uns bitte sofort per E-Mail an contact@mobileoutfitters.io.<\/p>\n<h4>4. GEISTIGES EIGENTUM<\/h4>\n<p>Alle Inhalte (Fotos, Texte, Videos, Sounds usw.), die auf der Website eingesehen werden k\u00f6nnen, sind und bleiben ausschlie\u00dfliches Eigentum von MOBILE OUTFITTERS (oder seinen Lizenzgebern), die alle damit verbundenen geistigen Eigentumsrechte besitzt.<\/p>\n<p>Sie sind daher unter keinen Umst\u00e4nden berechtigt, diese Inhalte in irgendeiner Weise zu reproduzieren, zu repr\u00e4sentieren oder zu vermarkten.<\/p>\n<p>Personen, die Inhalte der Website wiederverwenden m\u00f6chten, k\u00f6nnen sich an MOBILE OUTFITTERS unter contact@mobileoutfitters.io wenden.<\/p>\n<p>Jede unbefugte Nutzung dieser Inhalte stellt eine Verletzung des Urheberrechts dar und kann zivil- oder strafrechtlich verfolgt werden.<\/p>\n<h4>5. ANWENDBARES RECHT<\/h4>\n<p>Diese Servicebedingungen unterliegen franz\u00f6sischem Recht.<\/p>\n<p>Letzte Aktualisierung: 6. M\u00e4rz 2020[\/et_pb_text][\/et_pb_column][\/et_pb_row][\/et_pb_section]<\/p>\n","protected":false},"excerpt":{"rendered":"<p>TOSDie Website www.mobileoutfitters.io (im Folgenden &#8222;Website&#8220;) wird von Vasco Group, einer vereinfachten Aktiengesellschaft mit einem Grundkapital von 21.814 \u20ac, eingetragen im Handels- und Gesellschaftsregister von Versailles unter der Nummer 844 704 577 und mit Sitz 4, all\u00e9e des Vergers, 78240 Aigremont (Frankreich) &#8211; Tel. +331 39 11 57 80 (im Folgenden &#8222;Mobile Ausstatter&#8220; oder &#8222;wir&#8220;). [&hellip;]<\/p>\n","protected":false},"author":1,"featured_media":0,"parent":0,"menu_order":40,"comment_status":"closed","ping_status":"closed","template":"","meta":{"_et_pb_use_builder":"on","_et_pb_old_content":"","_et_gb_content_width":"","footnotes":""},"class_list":["post-52026","page","type-page","status-publish","hentry"],"yoast_head":"<!-- This site is optimized with the Yoast SEO plugin v25.9 - https:\/\/yoast.com\/wordpress\/plugins\/seo\/ -->\n<title>TOS - Mobile Outfitters<\/title>\n<meta name=\"robots\" content=\"index, follow, max-snippet:-1, max-image-preview:large, max-video-preview:-1\" \/>\n<link rel=\"canonical\" href=\"https:\/\/mobileoutfitters.io\/de\/tos\/\" \/>\n<meta property=\"og:locale\" content=\"de_DE\" \/>\n<meta property=\"og:type\" content=\"article\" \/>\n<meta property=\"og:title\" content=\"TOS - Mobile Outfitters\" \/>\n<meta property=\"og:description\" content=\"TOSDie Website www.mobileoutfitters.io (im Folgenden &quot;Website&quot;) wird von Vasco Group, einer vereinfachten Aktiengesellschaft mit einem Grundkapital von 21.814 \u20ac, eingetragen im Handels- und Gesellschaftsregister von Versailles unter der Nummer 844 704 577 und mit Sitz 4, all\u00e9e des Vergers, 78240 Aigremont (Frankreich) - Tel. +331 39 11 57 80 (im Folgenden &quot;Mobile Ausstatter&quot; oder &quot;wir&quot;). [&hellip;]\" \/>\n<meta property=\"og:url\" content=\"https:\/\/mobileoutfitters.io\/de\/tos\/\" \/>\n<meta property=\"og:site_name\" content=\"Mobile Outfitters\" \/>\n<meta property=\"article:modified_time\" content=\"2023-12-19T10:54:51+00:00\" \/>\n<meta name=\"twitter:card\" content=\"summary_large_image\" \/>\n<meta name=\"twitter:label1\" content=\"Gesch\u00e4tzte Lesezeit\" \/>\n\t<meta name=\"twitter:data1\" content=\"3\u00a0Minuten\" \/>\n<script type=\"application\/ld+json\" class=\"yoast-schema-graph\">{\"@context\":\"https:\/\/schema.org\",\"@graph\":[{\"@type\":\"WebPage\",\"@id\":\"https:\/\/mobileoutfitters.io\/de\/tos\/\",\"url\":\"https:\/\/mobileoutfitters.io\/de\/tos\/\",\"name\":\"TOS - Mobile Outfitters\",\"isPartOf\":{\"@id\":\"https:\/\/mobileoutfitters.io\/de\/#website\"},\"datePublished\":\"2020-03-17T14:12:59+00:00\",\"dateModified\":\"2023-12-19T10:54:51+00:00\",\"inLanguage\":\"de\",\"potentialAction\":[{\"@type\":\"ReadAction\",\"target\":[\"https:\/\/mobileoutfitters.io\/de\/tos\/\"]}]},{\"@type\":\"WebSite\",\"@id\":\"https:\/\/mobileoutfitters.io\/de\/#website\",\"url\":\"https:\/\/mobileoutfitters.io\/de\/\",\"name\":\"Mobile Outfitters\",\"description\":\"Mobile Outfitters\",\"potentialAction\":[{\"@type\":\"SearchAction\",\"target\":{\"@type\":\"EntryPoint\",\"urlTemplate\":\"https:\/\/mobileoutfitters.io\/de\/?s={search_term_string}\"},\"query-input\":{\"@type\":\"PropertyValueSpecification\",\"valueRequired\":true,\"valueName\":\"search_term_string\"}}],\"inLanguage\":\"de\"}]}<\/script>\n<!-- \/ Yoast SEO plugin. -->","yoast_head_json":{"title":"TOS - Mobile Outfitters","robots":{"index":"index","follow":"follow","max-snippet":"max-snippet:-1","max-image-preview":"max-image-preview:large","max-video-preview":"max-video-preview:-1"},"canonical":"https:\/\/mobileoutfitters.io\/de\/tos\/","og_locale":"de_DE","og_type":"article","og_title":"TOS - Mobile Outfitters","og_description":"TOSDie Website www.mobileoutfitters.io (im Folgenden \"Website\") wird von Vasco Group, einer vereinfachten Aktiengesellschaft mit einem Grundkapital von 21.814 \u20ac, eingetragen im Handels- und Gesellschaftsregister von Versailles unter der Nummer 844 704 577 und mit Sitz 4, all\u00e9e des Vergers, 78240 Aigremont (Frankreich) - Tel. +331 39 11 57 80 (im Folgenden \"Mobile Ausstatter\" oder \"wir\"). [&hellip;]","og_url":"https:\/\/mobileoutfitters.io\/de\/tos\/","og_site_name":"Mobile Outfitters","article_modified_time":"2023-12-19T10:54:51+00:00","twitter_card":"summary_large_image","twitter_misc":{"Gesch\u00e4tzte Lesezeit":"3\u00a0Minuten"},"schema":{"@context":"https:\/\/schema.org","@graph":[{"@type":"WebPage","@id":"https:\/\/mobileoutfitters.io\/de\/tos\/","url":"https:\/\/mobileoutfitters.io\/de\/tos\/","name":"TOS - Mobile Outfitters","isPartOf":{"@id":"https:\/\/mobileoutfitters.io\/de\/#website"},"datePublished":"2020-03-17T14:12:59+00:00","dateModified":"2023-12-19T10:54:51+00:00","inLanguage":"de","potentialAction":[{"@type":"ReadAction","target":["https:\/\/mobileoutfitters.io\/de\/tos\/"]}]},{"@type":"WebSite","@id":"https:\/\/mobileoutfitters.io\/de\/#website","url":"https:\/\/mobileoutfitters.io\/de\/","name":"Mobile Outfitters","description":"Mobile Outfitters","potentialAction":[{"@type":"SearchAction","target":{"@type":"EntryPoint","urlTemplate":"https:\/\/mobileoutfitters.io\/de\/?s={search_term_string}"},"query-input":{"@type":"PropertyValueSpecification","valueRequired":true,"valueName":"search_term_string"}}],"inLanguage":"de"}]}},"_links":{"self":[{"href":"https:\/\/mobileoutfitters.io\/de\/wp-json\/wp\/v2\/pages\/52026","targetHints":{"allow":["GET"]}}],"collection":[{"href":"https:\/\/mobileoutfitters.io\/de\/wp-json\/wp\/v2\/pages"}],"about":[{"href":"https:\/\/mobileoutfitters.io\/de\/wp-json\/wp\/v2\/types\/page"}],"author":[{"embeddable":true,"href":"https:\/\/mobileoutfitters.io\/de\/wp-json\/wp\/v2\/users\/1"}],"replies":[{"embeddable":true,"href":"https:\/\/mobileoutfitters.io\/de\/wp-json\/wp\/v2\/comments?post=52026"}],"version-history":[{"count":4,"href":"https:\/\/mobileoutfitters.io\/de\/wp-json\/wp\/v2\/pages\/52026\/revisions"}],"predecessor-version":[{"id":55398,"href":"https:\/\/mobileoutfitters.io\/de\/wp-json\/wp\/v2\/pages\/52026\/revisions\/55398"}],"wp:attachment":[{"href":"https:\/\/mobileoutfitters.io\/de\/wp-json\/wp\/v2\/media?parent=52026"}],"curies":[{"name":"wp","href":"https:\/\/api.w.org\/{rel}","templated":true}]}}