{"id":51722,"date":"2020-01-31T12:39:47","date_gmt":"2020-01-31T11:39:47","guid":{"rendered":"https:\/\/mobileoutfitters.io\/werden-sie-haendler\/"},"modified":"2023-12-18T15:33:08","modified_gmt":"2023-12-18T14:33:08","slug":"werden-sie-haendler","status":"publish","type":"page","link":"https:\/\/mobileoutfitters.io\/de\/werden-sie-haendler\/","title":{"rendered":"WERDEN SIE H\u00c4NDLER"},"content":{"rendered":"<p>[et_pb_section fb_built=&#8220;1&#8243; custom_padding_last_edited=&#8220;on|phone&#8220; module_id=&#8220;form_partenaires&#8220; _builder_version=&#8220;4.16&#8243; background_color=&#8220;#ffffff&#8220; background_enable_image=&#8220;off&#8220; custom_margin=&#8220;0px||||false|false&#8220; custom_padding=&#8220;80px||||false|false&#8220; custom_padding_tablet=&#8220;50px||||false|false&#8220; custom_padding_phone=&#8220;&#8220; top_divider_color=&#8220;#000000&#8243; bottom_divider_color=&#8220;#1dcad3&#8243; collapsed=&#8220;off&#8220; global_colors_info=&#8220;{}&#8220;][et_pb_row _builder_version=&#8220;4.16&#8243; module_alignment=&#8220;center&#8220; custom_margin=&#8220;0px||0px||false|false&#8220; custom_padding=&#8220;0px||0px||false|false&#8220; custom_css_main_element=&#8220;text-align:center&#8220; global_colors_info=&#8220;{}&#8220;][et_pb_column type=&#8220;4_4&#8243; module_class=&#8220;big-zindex&#8220; _builder_version=&#8220;4.16&#8243; global_colors_info=&#8220;{}&#8220;][et_pb_text admin_label=&#8220;Mobile Outfitters&#8220; _builder_version=&#8220;4.21.0&#8243; header_font=&#8220;|800||on||||#00b2e3|&#8220; header_text_align=&#8220;center&#8220; header_text_color=&#8220;#000000&#8243; header_font_size=&#8220;35px&#8220; custom_margin=&#8220;0px||0px||false|false&#8220; custom_css_main_element=&#8220;display:inline-block;||margin:0 auto;&#8220; custom_css_after=&#8220;   &#8220; global_colors_info=&#8220;{}&#8220;]<\/p>\n<h1>WERDEN SIE H\u00c4NDLER<\/h1>\n<p>[\/et_pb_text][et_pb_text _builder_version=&#8220;4.21.0&#8243; text_orientation=&#8220;center&#8220; module_alignment=&#8220;center&#8220; global_colors_info=&#8220;{}&#8220;]<\/p>\n<p style=\"text-align: center;\">F\u00fcllen Sie das Formular aus und wir melden uns bei Ihnen.<\/p>\n<p>[\/et_pb_text][et_pb_code module_class=&#8220;formulaire_partenaire&#8220; _builder_version=&#8220;4.21.0&#8243; global_colors_info=&#8220;{}&#8220;]\n<div class=\"wpcf7 no-js\" id=\"wpcf7-f51700-o1\" lang=\"de-DE\" dir=\"ltr\" data-wpcf7-id=\"51700\">\n<div class=\"screen-reader-response\"><p role=\"status\" aria-live=\"polite\" aria-atomic=\"true\"><\/p> <ul><\/ul><\/div>\n<form action=\"\/de\/wp-json\/wp\/v2\/pages\/51722#wpcf7-f51700-o1\" method=\"post\" class=\"wpcf7-form init\" aria-label=\"Kontaktformular\" novalidate=\"novalidate\" data-status=\"init\">\n<fieldset class=\"hidden-fields-container\"><input type=\"hidden\" name=\"_wpcf7\" value=\"51700\" \/><input type=\"hidden\" name=\"_wpcf7_version\" value=\"6.1.1\" \/><input type=\"hidden\" name=\"_wpcf7_locale\" value=\"de_DE\" \/><input type=\"hidden\" name=\"_wpcf7_unit_tag\" value=\"wpcf7-f51700-o1\" \/><input type=\"hidden\" name=\"_wpcf7_container_post\" value=\"0\" \/><input type=\"hidden\" name=\"_wpcf7_posted_data_hash\" value=\"\" \/><input type=\"hidden\" name=\"_wpcf7_recaptcha_response\" value=\"\" \/>\n<\/fieldset>\n<div class=\"wpcf-group clearfix\">\n\t<div class=\"et_pb_column et_pb_column_1_2\">\n\t\t<p><label>Vorname <abbr class=\"required\" title=\"obligatoire\">*<\/abbr><br \/>\n<span class=\"wpcf7-form-control-wrap\" data-name=\"firstname\"><input size=\"40\" maxlength=\"400\" class=\"wpcf7-form-control wpcf7-text wpcf7-validates-as-required\" aria-required=\"true\" aria-invalid=\"false\" value=\"\" type=\"text\" name=\"firstname\" \/><\/span> <\/label>\n\t\t<\/p>\n\t<\/div>\n\t<div class=\"et_pb_column et_pb_column_1_2 et-last-child\">\n\t\t<p><label>Nachname <abbr class=\"required\" title=\"obligatoire\">*<\/abbr><br \/>\n<span class=\"wpcf7-form-control-wrap\" data-name=\"lastname\"><input size=\"40\" maxlength=\"400\" class=\"wpcf7-form-control wpcf7-text wpcf7-validates-as-required\" aria-required=\"true\" aria-invalid=\"false\" value=\"\" type=\"text\" name=\"lastname\" \/><\/span> <\/label>\n\t\t<\/p>\n\t<\/div>\n<\/div>\n<p><label>Gesellschaft <abbr class=\"required\" title=\"obligatoire\">*<\/abbr><br \/>\n<span class=\"wpcf7-form-control-wrap\" data-name=\"company\"><input size=\"40\" maxlength=\"400\" class=\"wpcf7-form-control wpcf7-text wpcf7-validates-as-required\" aria-required=\"true\" aria-invalid=\"false\" value=\"\" type=\"text\" name=\"company\" \/><\/span> <\/label>\n<\/p>\n<p><label>Email <abbr class=\"required\" title=\"obligatoire\">*<\/abbr><br \/>\n<span class=\"wpcf7-form-control-wrap\" data-name=\"your-email\"><input size=\"40\" maxlength=\"400\" class=\"wpcf7-form-control wpcf7-email wpcf7-validates-as-required wpcf7-text wpcf7-validates-as-email\" aria-required=\"true\" aria-invalid=\"false\" value=\"\" type=\"email\" name=\"your-email\" \/><\/span> <\/label>\n<\/p>\n<p><label>Telefon <abbr class=\"required\" title=\"obligatoire\">*<\/abbr><br \/>\n<span class=\"wpcf7-form-control-wrap\" data-name=\"phone\"><input size=\"40\" maxlength=\"400\" class=\"wpcf7-form-control wpcf7-text wpcf7-validates-as-required\" aria-required=\"true\" aria-invalid=\"false\" value=\"\" type=\"text\" name=\"phone\" \/><\/span> <\/label>\n<\/p>\n<div class=\"clearfix\">\n\t<div class=\"et_pb_column et_pb_column_1_3\">\n\t\t<p><label>Adresse <abbr class=\"required\" title=\"obligatoire\">*<\/abbr><br \/>\n<span class=\"wpcf7-form-control-wrap\" data-name=\"address\"><input size=\"40\" maxlength=\"400\" class=\"wpcf7-form-control wpcf7-text wpcf7-validates-as-required\" aria-required=\"true\" aria-invalid=\"false\" value=\"\" type=\"text\" name=\"address\" \/><\/span> <\/label>\n\t\t<\/p>\n\t<\/div>\n\t<div class=\"et_pb_column et_pb_column_1_3\">\n\t\t<p><label>Postleitzahl <abbr class=\"required\" title=\"obligatoire\">*<\/abbr><br \/>\n<span class=\"wpcf7-form-control-wrap\" data-name=\"postcode\"><input size=\"40\" maxlength=\"400\" class=\"wpcf7-form-control wpcf7-text wpcf7-validates-as-required\" aria-required=\"true\" aria-invalid=\"false\" value=\"\" type=\"text\" name=\"postcode\" \/><\/span> <\/label>\n\t\t<\/p>\n\t<\/div>\n\t<div class=\"et_pb_column et_pb_column_1_3 et-last-child\">\n\t\t<p><label>Stadt <abbr class=\"required\" title=\"obligatoire\">*<\/abbr><br \/>\n<span class=\"wpcf7-form-control-wrap\" data-name=\"ville\"><input size=\"40\" maxlength=\"400\" class=\"wpcf7-form-control wpcf7-text wpcf7-validates-as-required\" aria-required=\"true\" aria-invalid=\"false\" value=\"\" type=\"text\" name=\"ville\" \/><\/span> <\/label>\n\t\t<\/p>\n\t<\/div>\n<\/div>\n<p><label>Beschreiben Sie uns Ihr Projekt <abbr class=\"required\" title=\"obligatoire\">*<\/abbr><br \/>\n<span class=\"wpcf7-form-control-wrap\" data-name=\"your-message\"><textarea cols=\"40\" rows=\"10\" maxlength=\"2000\" class=\"wpcf7-form-control wpcf7-textarea\" aria-invalid=\"false\" name=\"your-message\"><\/textarea><\/span> <\/label>\n<\/p>\n<div class=\"acceptance\">\n\t<p><span class=\"wpcf7-form-control-wrap\" data-name=\"rgpd\"><span class=\"wpcf7-form-control wpcf7-acceptance\"><span class=\"wpcf7-list-item\"><label><input type=\"checkbox\" name=\"rgpd\" value=\"1\" aria-invalid=\"false\" \/><span class=\"wpcf7-list-item-label\"><a target=\"blank\" href=\"https:\/\/mobileoutfitters.io\/de\/datenschutzrichtlinie\/\">Ich akzeptiere die Datenschutzerkl\u00e4rung<\/a><\/span><\/label><\/span><\/span><\/span>\n\t<\/p>\n<\/div>\n<p><input class=\"wpcf7-form-control wpcf7-submit has-spinner\" type=\"submit\" value=\"Send\" \/>\n<\/p><input type='hidden' class='wpcf7-pum' value='{\"closepopup\":false,\"closedelay\":0,\"openpopup\":false,\"openpopup_id\":0}' \/><div class=\"wpcf7-response-output\" aria-hidden=\"true\"><\/div>\n<\/form>\n<\/div>\n[\/et_pb_code][\/et_pb_column][\/et_pb_row][\/et_pb_section]<\/p>\n","protected":false},"excerpt":{"rendered":"<p>WERDEN SIE H\u00c4NDLERF\u00fcllen Sie das Formular aus und wir melden uns bei Ihnen.\n<div class=\"wpcf7 no-js\" id=\"wpcf7-f51700-o2\" lang=\"de-DE\" dir=\"ltr\" data-wpcf7-id=\"51700\">\n<div class=\"screen-reader-response\"><p role=\"status\" aria-live=\"polite\" aria-atomic=\"true\"><\/p> <ul><\/ul><\/div>\n<form action=\"\/de\/wp-json\/wp\/v2\/pages\/51722#wpcf7-f51700-o2\" method=\"post\" class=\"wpcf7-form init\" aria-label=\"Kontaktformular\" novalidate=\"novalidate\" data-status=\"init\">\n<fieldset class=\"hidden-fields-container\"><input type=\"hidden\" name=\"_wpcf7\" value=\"51700\" \/><input type=\"hidden\" name=\"_wpcf7_version\" value=\"6.1.1\" \/><input type=\"hidden\" name=\"_wpcf7_locale\" value=\"de_DE\" \/><input type=\"hidden\" name=\"_wpcf7_unit_tag\" value=\"wpcf7-f51700-o2\" \/><input type=\"hidden\" name=\"_wpcf7_container_post\" value=\"0\" \/><input type=\"hidden\" name=\"_wpcf7_posted_data_hash\" value=\"\" \/><input type=\"hidden\" name=\"_wpcf7_recaptcha_response\" value=\"\" \/>\n<\/fieldset>\n<div class=\"wpcf-group clearfix\">\n\t<div class=\"et_pb_column et_pb_column_1_2\">\n\t\t<p><label>Vorname <abbr class=\"required\" title=\"obligatoire\">*<\/abbr><br \/>\n<span class=\"wpcf7-form-control-wrap\" data-name=\"firstname\"><input size=\"40\" maxlength=\"400\" class=\"wpcf7-form-control wpcf7-text wpcf7-validates-as-required\" aria-required=\"true\" aria-invalid=\"false\" value=\"\" type=\"text\" name=\"firstname\" \/><\/span> <\/label>\n\t\t<\/p>\n\t<\/div>\n\t<div class=\"et_pb_column et_pb_column_1_2 et-last-child\">\n\t\t<p><label>Nachname <abbr class=\"required\" title=\"obligatoire\">*<\/abbr><br \/>\n<span class=\"wpcf7-form-control-wrap\" data-name=\"lastname\"><input size=\"40\" maxlength=\"400\" class=\"wpcf7-form-control wpcf7-text wpcf7-validates-as-required\" aria-required=\"true\" aria-invalid=\"false\" value=\"\" type=\"text\" name=\"lastname\" \/><\/span> <\/label>\n\t\t<\/p>\n\t<\/div>\n<\/div>\n<p><label>Gesellschaft <abbr class=\"required\" title=\"obligatoire\">*<\/abbr><br \/>\n<span class=\"wpcf7-form-control-wrap\" data-name=\"company\"><input size=\"40\" maxlength=\"400\" class=\"wpcf7-form-control wpcf7-text wpcf7-validates-as-required\" aria-required=\"true\" aria-invalid=\"false\" value=\"\" type=\"text\" name=\"company\" \/><\/span> <\/label>\n<\/p>\n<p><label>Email <abbr class=\"required\" title=\"obligatoire\">*<\/abbr><br \/>\n<span class=\"wpcf7-form-control-wrap\" data-name=\"your-email\"><input size=\"40\" maxlength=\"400\" class=\"wpcf7-form-control wpcf7-email wpcf7-validates-as-required wpcf7-text wpcf7-validates-as-email\" aria-required=\"true\" aria-invalid=\"false\" value=\"\" type=\"email\" name=\"your-email\" \/><\/span> <\/label>\n<\/p>\n<p><label>Telefon <abbr class=\"required\" title=\"obligatoire\">*<\/abbr><br \/>\n<span class=\"wpcf7-form-control-wrap\" data-name=\"phone\"><input size=\"40\" maxlength=\"400\" class=\"wpcf7-form-control wpcf7-text wpcf7-validates-as-required\" aria-required=\"true\" aria-invalid=\"false\" value=\"\" type=\"text\" name=\"phone\" \/><\/span> <\/label>\n<\/p>\n<div class=\"clearfix\">\n\t<div class=\"et_pb_column et_pb_column_1_3\">\n\t\t<p><label>Adresse <abbr class=\"required\" title=\"obligatoire\">*<\/abbr><br \/>\n<span class=\"wpcf7-form-control-wrap\" data-name=\"address\"><input size=\"40\" maxlength=\"400\" class=\"wpcf7-form-control wpcf7-text wpcf7-validates-as-required\" aria-required=\"true\" aria-invalid=\"false\" value=\"\" type=\"text\" name=\"address\" \/><\/span> <\/label>\n\t\t<\/p>\n\t<\/div>\n\t<div class=\"et_pb_column et_pb_column_1_3\">\n\t\t<p><label>Postleitzahl <abbr class=\"required\" title=\"obligatoire\">*<\/abbr><br \/>\n<span class=\"wpcf7-form-control-wrap\" data-name=\"postcode\"><input size=\"40\" maxlength=\"400\" class=\"wpcf7-form-control wpcf7-text wpcf7-validates-as-required\" aria-required=\"true\" aria-invalid=\"false\" value=\"\" type=\"text\" name=\"postcode\" \/><\/span> <\/label>\n\t\t<\/p>\n\t<\/div>\n\t<div class=\"et_pb_column et_pb_column_1_3 et-last-child\">\n\t\t<p><label>Stadt <abbr class=\"required\" title=\"obligatoire\">*<\/abbr><br \/>\n<span class=\"wpcf7-form-control-wrap\" data-name=\"ville\"><input size=\"40\" maxlength=\"400\" class=\"wpcf7-form-control wpcf7-text wpcf7-validates-as-required\" aria-required=\"true\" aria-invalid=\"false\" value=\"\" type=\"text\" name=\"ville\" \/><\/span> <\/label>\n\t\t<\/p>\n\t<\/div>\n<\/div>\n<p><label>Beschreiben Sie uns Ihr Projekt <abbr class=\"required\" title=\"obligatoire\">*<\/abbr><br \/>\n<span class=\"wpcf7-form-control-wrap\" data-name=\"your-message\"><textarea cols=\"40\" rows=\"10\" maxlength=\"2000\" class=\"wpcf7-form-control wpcf7-textarea\" aria-invalid=\"false\" name=\"your-message\"><\/textarea><\/span> <\/label>\n<\/p>\n<div class=\"acceptance\">\n\t<p><span class=\"wpcf7-form-control-wrap\" data-name=\"rgpd\"><span class=\"wpcf7-form-control wpcf7-acceptance\"><span class=\"wpcf7-list-item\"><label><input type=\"checkbox\" name=\"rgpd\" value=\"1\" aria-invalid=\"false\" \/><span class=\"wpcf7-list-item-label\"><a target=\"blank\" href=\"https:\/\/mobileoutfitters.io\/de\/datenschutzrichtlinie\/\">Ich akzeptiere die Datenschutzerkl\u00e4rung<\/a><\/span><\/label><\/span><\/span><\/span>\n\t<\/p>\n<\/div>\n<p><input class=\"wpcf7-form-control wpcf7-submit has-spinner\" type=\"submit\" value=\"Send\" \/>\n<\/p><input type='hidden' class='wpcf7-pum' value='{\"closepopup\":false,\"closedelay\":0,\"openpopup\":false,\"openpopup_id\":0}' \/><div class=\"wpcf7-response-output\" aria-hidden=\"true\"><\/div>\n<\/form>\n<\/div>\n<\/p>\n","protected":false},"author":1,"featured_media":50731,"parent":0,"menu_order":40,"comment_status":"closed","ping_status":"closed","template":"","meta":{"_et_pb_use_builder":"on","_et_pb_old_content":"","_et_gb_content_width":"","footnotes":""},"class_list":["post-51722","page","type-page","status-publish","has-post-thumbnail","hentry"],"yoast_head":"<!-- This site is optimized with the Yoast SEO plugin v25.9 - https:\/\/yoast.com\/wordpress\/plugins\/seo\/ -->\n<title>WERDEN SIE H\u00c4NDLER - Mobile Outfitters<\/title>\n<meta name=\"description\" content=\"D\u00e9marquez vous de vos concurrents en proposant les meilleurs films du march\u00e9. Rejoignez notre r\u00e9seau d&#039;experts passionn\u00e9s par la qualit\u00e9.\" \/>\n<meta name=\"robots\" content=\"index, follow, max-snippet:-1, max-image-preview:large, max-video-preview:-1\" \/>\n<link rel=\"canonical\" href=\"https:\/\/mobileoutfitters.io\/de\/werden-sie-haendler\/\" \/>\n<meta property=\"og:locale\" content=\"de_DE\" \/>\n<meta property=\"og:type\" content=\"article\" \/>\n<meta property=\"og:title\" content=\"WERDEN SIE H\u00c4NDLER - Mobile Outfitters\" \/>\n<meta property=\"og:description\" content=\"D\u00e9marquez vous de vos concurrents en proposant les meilleurs films du march\u00e9. Rejoignez notre r\u00e9seau d&#039;experts passionn\u00e9s par la qualit\u00e9.\" \/>\n<meta property=\"og:url\" content=\"https:\/\/mobileoutfitters.io\/de\/werden-sie-haendler\/\" \/>\n<meta property=\"og:site_name\" content=\"Mobile Outfitters\" \/>\n<meta property=\"article:modified_time\" content=\"2023-12-18T14:33:08+00:00\" \/>\n<meta property=\"og:image\" content=\"https:\/\/mobileoutfitters.io\/wp-content\/uploads\/2023\/09\/MO_8.jpg\" \/>\n\t<meta property=\"og:image:width\" content=\"640\" \/>\n\t<meta property=\"og:image:height\" content=\"640\" \/>\n\t<meta property=\"og:image:type\" content=\"image\/jpeg\" \/>\n<meta name=\"twitter:card\" content=\"summary_large_image\" \/>\n<meta name=\"twitter:label1\" content=\"Gesch\u00e4tzte Lesezeit\" \/>\n\t<meta name=\"twitter:data1\" content=\"1\u00a0Minute\" \/>\n<script type=\"application\/ld+json\" class=\"yoast-schema-graph\">{\"@context\":\"https:\/\/schema.org\",\"@graph\":[{\"@type\":\"WebPage\",\"@id\":\"https:\/\/mobileoutfitters.io\/de\/werden-sie-haendler\/\",\"url\":\"https:\/\/mobileoutfitters.io\/de\/werden-sie-haendler\/\",\"name\":\"WERDEN SIE H\u00c4NDLER - Mobile Outfitters\",\"isPartOf\":{\"@id\":\"https:\/\/mobileoutfitters.io\/de\/#website\"},\"primaryImageOfPage\":{\"@id\":\"https:\/\/mobileoutfitters.io\/de\/werden-sie-haendler\/#primaryimage\"},\"image\":{\"@id\":\"https:\/\/mobileoutfitters.io\/de\/werden-sie-haendler\/#primaryimage\"},\"thumbnailUrl\":\"https:\/\/mobileoutfitters.io\/wp-content\/uploads\/2023\/09\/MO_8.jpg\",\"datePublished\":\"2020-01-31T11:39:47+00:00\",\"dateModified\":\"2023-12-18T14:33:08+00:00\",\"description\":\"D\u00e9marquez vous de vos concurrents en proposant les meilleurs films du march\u00e9. Rejoignez notre r\u00e9seau d'experts passionn\u00e9s par la qualit\u00e9.\",\"inLanguage\":\"de\",\"potentialAction\":[{\"@type\":\"ReadAction\",\"target\":[\"https:\/\/mobileoutfitters.io\/de\/werden-sie-haendler\/\"]}]},{\"@type\":\"ImageObject\",\"inLanguage\":\"de\",\"@id\":\"https:\/\/mobileoutfitters.io\/de\/werden-sie-haendler\/#primaryimage\",\"url\":\"https:\/\/mobileoutfitters.io\/wp-content\/uploads\/2023\/09\/MO_8.jpg\",\"contentUrl\":\"https:\/\/mobileoutfitters.io\/wp-content\/uploads\/2023\/09\/MO_8.jpg\",\"width\":640,\"height\":640},{\"@type\":\"WebSite\",\"@id\":\"https:\/\/mobileoutfitters.io\/de\/#website\",\"url\":\"https:\/\/mobileoutfitters.io\/de\/\",\"name\":\"Mobile Outfitters\",\"description\":\"Mobile Outfitters\",\"potentialAction\":[{\"@type\":\"SearchAction\",\"target\":{\"@type\":\"EntryPoint\",\"urlTemplate\":\"https:\/\/mobileoutfitters.io\/de\/?s={search_term_string}\"},\"query-input\":{\"@type\":\"PropertyValueSpecification\",\"valueRequired\":true,\"valueName\":\"search_term_string\"}}],\"inLanguage\":\"de\"}]}<\/script>\n<!-- \/ Yoast SEO plugin. -->","yoast_head_json":{"title":"WERDEN SIE H\u00c4NDLER - Mobile Outfitters","description":"D\u00e9marquez vous de vos concurrents en proposant les meilleurs films du march\u00e9. Rejoignez notre r\u00e9seau d'experts passionn\u00e9s par la qualit\u00e9.","robots":{"index":"index","follow":"follow","max-snippet":"max-snippet:-1","max-image-preview":"max-image-preview:large","max-video-preview":"max-video-preview:-1"},"canonical":"https:\/\/mobileoutfitters.io\/de\/werden-sie-haendler\/","og_locale":"de_DE","og_type":"article","og_title":"WERDEN SIE H\u00c4NDLER - Mobile Outfitters","og_description":"D\u00e9marquez vous de vos concurrents en proposant les meilleurs films du march\u00e9. Rejoignez notre r\u00e9seau d'experts passionn\u00e9s par la qualit\u00e9.","og_url":"https:\/\/mobileoutfitters.io\/de\/werden-sie-haendler\/","og_site_name":"Mobile Outfitters","article_modified_time":"2023-12-18T14:33:08+00:00","og_image":[{"width":640,"height":640,"url":"https:\/\/mobileoutfitters.io\/wp-content\/uploads\/2023\/09\/MO_8.jpg","type":"image\/jpeg"}],"twitter_card":"summary_large_image","twitter_misc":{"Gesch\u00e4tzte Lesezeit":"1\u00a0Minute"},"schema":{"@context":"https:\/\/schema.org","@graph":[{"@type":"WebPage","@id":"https:\/\/mobileoutfitters.io\/de\/werden-sie-haendler\/","url":"https:\/\/mobileoutfitters.io\/de\/werden-sie-haendler\/","name":"WERDEN SIE H\u00c4NDLER - Mobile Outfitters","isPartOf":{"@id":"https:\/\/mobileoutfitters.io\/de\/#website"},"primaryImageOfPage":{"@id":"https:\/\/mobileoutfitters.io\/de\/werden-sie-haendler\/#primaryimage"},"image":{"@id":"https:\/\/mobileoutfitters.io\/de\/werden-sie-haendler\/#primaryimage"},"thumbnailUrl":"https:\/\/mobileoutfitters.io\/wp-content\/uploads\/2023\/09\/MO_8.jpg","datePublished":"2020-01-31T11:39:47+00:00","dateModified":"2023-12-18T14:33:08+00:00","description":"D\u00e9marquez vous de vos concurrents en proposant les meilleurs films du march\u00e9. Rejoignez notre r\u00e9seau d'experts passionn\u00e9s par la qualit\u00e9.","inLanguage":"de","potentialAction":[{"@type":"ReadAction","target":["https:\/\/mobileoutfitters.io\/de\/werden-sie-haendler\/"]}]},{"@type":"ImageObject","inLanguage":"de","@id":"https:\/\/mobileoutfitters.io\/de\/werden-sie-haendler\/#primaryimage","url":"https:\/\/mobileoutfitters.io\/wp-content\/uploads\/2023\/09\/MO_8.jpg","contentUrl":"https:\/\/mobileoutfitters.io\/wp-content\/uploads\/2023\/09\/MO_8.jpg","width":640,"height":640},{"@type":"WebSite","@id":"https:\/\/mobileoutfitters.io\/de\/#website","url":"https:\/\/mobileoutfitters.io\/de\/","name":"Mobile Outfitters","description":"Mobile Outfitters","potentialAction":[{"@type":"SearchAction","target":{"@type":"EntryPoint","urlTemplate":"https:\/\/mobileoutfitters.io\/de\/?s={search_term_string}"},"query-input":{"@type":"PropertyValueSpecification","valueRequired":true,"valueName":"search_term_string"}}],"inLanguage":"de"}]}},"_links":{"self":[{"href":"https:\/\/mobileoutfitters.io\/de\/wp-json\/wp\/v2\/pages\/51722","targetHints":{"allow":["GET"]}}],"collection":[{"href":"https:\/\/mobileoutfitters.io\/de\/wp-json\/wp\/v2\/pages"}],"about":[{"href":"https:\/\/mobileoutfitters.io\/de\/wp-json\/wp\/v2\/types\/page"}],"author":[{"embeddable":true,"href":"https:\/\/mobileoutfitters.io\/de\/wp-json\/wp\/v2\/users\/1"}],"replies":[{"embeddable":true,"href":"https:\/\/mobileoutfitters.io\/de\/wp-json\/wp\/v2\/comments?post=51722"}],"version-history":[{"count":4,"href":"https:\/\/mobileoutfitters.io\/de\/wp-json\/wp\/v2\/pages\/51722\/revisions"}],"predecessor-version":[{"id":55120,"href":"https:\/\/mobileoutfitters.io\/de\/wp-json\/wp\/v2\/pages\/51722\/revisions\/55120"}],"wp:featuredmedia":[{"embeddable":true,"href":"https:\/\/mobileoutfitters.io\/de\/wp-json\/wp\/v2\/media\/50731"}],"wp:attachment":[{"href":"https:\/\/mobileoutfitters.io\/de\/wp-json\/wp\/v2\/media?parent=51722"}],"curies":[{"name":"wp","href":"https:\/\/api.w.org\/{rel}","templated":true}]}}