{"id":51284,"date":"2020-01-13T13:01:28","date_gmt":"2020-01-13T12:01:28","guid":{"rendered":"https:\/\/mobileoutfitters.io\/ofte-stillede-spoergsmaal\/"},"modified":"2023-12-18T12:00:32","modified_gmt":"2023-12-18T11:00:32","slug":"ofte-stillede-spoergsmaal","status":"publish","type":"page","link":"https:\/\/mobileoutfitters.io\/da\/ofte-stillede-spoergsmaal\/","title":{"rendered":"Ofte stillede sp\u00f8rgsm\u00e5l"},"content":{"rendered":"<p>[et_pb_section fb_built=&#8221;1&#8243; admin_label=&#8221;section&#8221; _builder_version=&#8221;4.16&#8243; background_color=&#8221;#ffffff&#8221; custom_padding=&#8221;0px||0px|&#8221; custom_padding_tablet=&#8221;0px||0px|&#8221; transparent_background=&#8221;off&#8221; padding_mobile=&#8221;on&#8221; make_fullwidth=&#8221;off&#8221; use_custom_width=&#8221;off&#8221; width_unit=&#8221;on&#8221; global_colors_info=&#8221;{}&#8221;][et_pb_row column_padding_mobile=&#8221;on&#8221; custom_padding_last_edited=&#8221;on|tablet&#8221; admin_label=&#8221;R\u00e6kke&#8221; _builder_version=&#8221;4.16&#8243; background_size=&#8221;initial&#8221; background_position=&#8221;top_left&#8221; background_repeat=&#8221;repeat&#8221; custom_padding_tablet=&#8221;60px||0px||false|false&#8221; custom_padding_phone=&#8221;&#8221; make_fullwidth=&#8221;off&#8221; use_custom_width=&#8221;off&#8221; width_unit=&#8221;on&#8221; global_colors_info=&#8221;{}&#8221;][et_pb_column type=&#8221;4_4&#8243; _builder_version=&#8221;4.16&#8243; custom_padding=&#8221;|||&#8221; global_colors_info=&#8221;{}&#8221; custom_padding__hover=&#8221;|||&#8221;][et_pb_text admin_label=&#8221;Text&#8221; _builder_version=&#8221;4.21.0&#8243; text_font=&#8221;Open Sans|on|||&#8221; text_text_color=&#8221;#222222&#8243; text_font_size=&#8221;5em&#8221; text_line_height=&#8221;1.2em&#8221; background_size=&#8221;initial&#8221; background_position=&#8221;top_left&#8221; background_repeat=&#8221;repeat&#8221; max_width=&#8221;950px&#8221; text_font_size_tablet=&#8221;40px&#8221; text_font_size_phone=&#8221;&#8221; text_font_size_last_edited=&#8221;on|tablet&#8221; use_border_color=&#8221;off&#8221; border_color=&#8221;#ffffff&#8221; border_style=&#8221;solid&#8221; global_colors_info=&#8221;{}&#8221;][\/et_pb_text][\/et_pb_column][\/et_pb_row][\/et_pb_section][et_pb_section fb_built=&#8221;1&#8243; admin_label=&#8221;Section&#8221; _builder_version=&#8221;4.21.0&#8243; background_color=&#8221;#ffffff&#8221; custom_padding=&#8221;0px||0px|&#8221; custom_padding_tablet=&#8221;0px||0px|&#8221; transparent_background=&#8221;off&#8221; padding_mobile=&#8221;on&#8221; make_fullwidth=&#8221;off&#8221; use_custom_width=&#8221;off&#8221; width_unit=&#8221;on&#8221; global_colors_info=&#8221;{}&#8221;][et_pb_row column_structure=&#8221;1_4,3_4&#8243; column_padding_mobile=&#8221;on&#8221; custom_padding_last_edited=&#8221;off|phone&#8221; admin_label=&#8221;R\u00e6kke&#8221; _builder_version=&#8221;4.21.0&#8243; background_size=&#8221;initial&#8221; background_position=&#8221;top_left&#8221; background_repeat=&#8221;repeat&#8221; custom_padding_tablet=&#8221;90px||0px|&#8221; make_fullwidth=&#8221;off&#8221; use_custom_width=&#8221;off&#8221; width_unit=&#8221;on&#8221; global_colors_info=&#8221;{}&#8221;][et_pb_column type=&#8221;1_4&#8243; _builder_version=&#8221;4.16&#8243; custom_padding=&#8221;|||&#8221; global_colors_info=&#8221;{}&#8221; custom_padding__hover=&#8221;|||&#8221;][et_pb_divider color=&#8221;#222222&#8243; divider_weight=&#8221;8&#8243; admin_label=&#8221;Divider&#8221; _builder_version=&#8221;4.16&#8243; height=&#8221;0px&#8221; hide_on_mobile=&#8221;off&#8221; global_colors_info=&#8221;{}&#8221;][\/et_pb_divider][et_pb_text admin_label=&#8221;Boutiques&#8221; _builder_version=&#8221;4.21.0&#8243; text_font=&#8221;Open Sans|on|||&#8221; text_text_color=&#8221;#222222&#8243; text_font_size=&#8221;36px&#8221; text_line_height=&#8221;1.2em&#8221; background_size=&#8221;initial&#8221; background_position=&#8221;top_left&#8221; background_repeat=&#8221;repeat&#8221; custom_margin=&#8221;-10px||0px|&#8221; custom_padding=&#8221;0px||0px|&#8221; text_font_size_tablet=&#8221;32px&#8221; text_font_size_phone=&#8221;&#8221; text_font_size_last_edited=&#8221;on|tablet&#8221; use_border_color=&#8221;off&#8221; border_color=&#8221;#ffffff&#8221; border_style=&#8221;solid&#8221; global_colors_info=&#8221;{}&#8221;]Ofte stillede sp\u00f8rgsm\u00e5l[\/et_pb_text][\/et_pb_column][et_pb_column type=&#8221;3_4&#8243; _builder_version=&#8221;4.16&#8243; custom_padding=&#8221;|||&#8221; global_colors_info=&#8221;{}&#8221; custom_padding__hover=&#8221;|||&#8221;][et_pb_divider color=&#8221;#222222&#8243; divider_weight=&#8221;4&#8243; admin_label=&#8221;Divider&#8221; _builder_version=&#8221;4.16&#8243; height=&#8221;0px&#8221; hide_on_mobile=&#8221;off&#8221; global_colors_info=&#8221;{}&#8221;][\/et_pb_divider][et_pb_toggle title=&#8221;Hvor kan jeg finde en partnerbutik?&#8221; open_toggle_text_color=&#8221;#000000&#8243; open_toggle_background_color=&#8221;#f7f7f7&#8243; closed_toggle_text_color=&#8221;#000000&#8243; closed_toggle_background_color=&#8221;#f7f7f7&#8243; icon_color=&#8221;#000000&#8243; open_icon_color=&#8221;#000000&#8243; admin_label=&#8221;Quel est la boutique la plus proche o\u00f9 je peux trouver ?&#8221; _builder_version=&#8221;4.21.0&#8243; title_text_color=&#8221;#000000&#8243; title_font=&#8221;Open Sans|on|||&#8221; title_font_size=&#8221;24&#8243; body_font=&#8221;Open Sans||||&#8221; body_text_color=&#8221;#666666&#8243; body_font_size=&#8221;18&#8243; body_line_height=&#8221;1.6em&#8221; body_link_text_color=&#8221;#00B2E3&#8243; background_size=&#8221;initial&#8221; background_position=&#8221;top_left&#8221; background_repeat=&#8221;repeat&#8221; custom_padding=&#8221;2px|0px|2px|0px&#8221; title_font_size_tablet=&#8221;18&#8243; title_font_size_phone=&#8221;&#8221; title_font_size_last_edited=&#8221;on|tablet&#8221; custom_css_toggle_icon=&#8221;font-size:20px;||&#8221; border_width_all=&#8221;1px&#8221; border_color_all=&#8221;#f7f7f7&#8243; border_style_all=&#8221;solid&#8221; use_border_color=&#8221;on&#8221; border_color=&#8221;#f7f7f7&#8243; border_style=&#8221;solid&#8221; global_colors_info=&#8221;{}&#8221;]For at finde den n\u00e6rmeste butik, kan du lokalisere placeringen p\u00e5 vores hjemmeside.<br \/>\nAccepter automatisk geolocation, eller indtast dit postnummer.[\/et_pb_toggle][et_pb_divider color=&#8221;#222222&#8243; divider_weight=&#8221;4&#8243; admin_label=&#8221;Divider&#8221; _builder_version=&#8221;4.16&#8243; height=&#8221;0px&#8221; hide_on_mobile=&#8221;off&#8221; global_colors_info=&#8221;{}&#8221;][\/et_pb_divider][et_pb_toggle title=&#8221;Hvorn\u00e5r kan jeg bruge min livsgaranti?&#8221; open_toggle_text_color=&#8221;#000000&#8243; open_toggle_background_color=&#8221;#f7f7f7&#8243; closed_toggle_text_color=&#8221;#000000&#8243; closed_toggle_background_color=&#8221;#f7f7f7&#8243; icon_color=&#8221;#000000&#8243; open_icon_color=&#8221;#000000&#8243; admin_label=&#8221;Pour quelles raisons puis utiliser ma garantie \u00e0 vie ?&#8221; _builder_version=&#8221;4.21.0&#8243; title_text_color=&#8221;#000000&#8243; title_font=&#8221;Open Sans|on|||&#8221; title_font_size=&#8221;24&#8243; body_font=&#8221;Open Sans||||&#8221; body_text_color=&#8221;#666666&#8243; body_font_size=&#8221;18&#8243; body_line_height=&#8221;1.6em&#8221; background_size=&#8221;initial&#8221; background_position=&#8221;top_left&#8221; background_repeat=&#8221;repeat&#8221; custom_padding=&#8221;2px|0px|2px|0px|false|false&#8221; title_font_size_tablet=&#8221;18&#8243; title_font_size_phone=&#8221;&#8221; title_font_size_last_edited=&#8221;on|tablet&#8221; custom_css_toggle_icon=&#8221;font-size:20px;||&#8221; border_width_all=&#8221;1px&#8221; border_color_all=&#8221;#f7f7f7&#8243; border_style_all=&#8221;solid&#8221; use_border_color=&#8221;on&#8221; border_color=&#8221;#f7f7f7&#8243; border_style=&#8221;solid&#8221; global_colors_info=&#8221;{}&#8221;]Du kan bruge din livstidsb\u00f8rs til enhver grund, s\u00e5 snart du har lyst til at \u00e6ndre din film.[\/et_pb_toggle][et_pb_divider color=&#8221;#222222&#8243; divider_weight=&#8221;4&#8243; admin_label=&#8221;Divider&#8221; _builder_version=&#8221;4.16&#8243; height=&#8221;0px&#8221; hide_on_mobile=&#8221;off&#8221; global_colors_info=&#8221;{}&#8221;][\/et_pb_divider][et_pb_toggle title=&#8221;Hvad er betingelserne for at nyde godt af min udvekslingsret?&#8221; open_toggle_text_color=&#8221;#000000&#8243; open_toggle_background_color=&#8221;#f7f7f7&#8243; closed_toggle_text_color=&#8221;#000000&#8243; closed_toggle_background_color=&#8221;#f7f7f7&#8243; icon_color=&#8221;#000000&#8243; open_icon_color=&#8221;#000000&#8243; admin_label=&#8221;Quelle sont les conditions pour b\u00e9n\u00e9ficier de ma garantie ?&#8221; _builder_version=&#8221;4.21.0&#8243; title_text_color=&#8221;#000000&#8243; title_font=&#8221;Open Sans|on|||&#8221; title_font_size=&#8221;24&#8243; body_font=&#8221;Open Sans||||&#8221; body_text_color=&#8221;#666666&#8243; body_font_size=&#8221;18&#8243; body_line_height=&#8221;1.6em&#8221; background_size=&#8221;initial&#8221; background_position=&#8221;top_left&#8221; background_repeat=&#8221;repeat&#8221; custom_padding=&#8221;2px|0px|2px|0px|false|false&#8221; hover_enabled=&#8221;0&#8243; title_font_size_tablet=&#8221;18&#8243; title_font_size_phone=&#8221;&#8221; title_font_size_last_edited=&#8221;on|tablet&#8221; custom_css_toggle_icon=&#8221;font-size:20px;||&#8221; border_width_all=&#8221;1px&#8221; border_color_all=&#8221;#f7f7f7&#8243; border_style_all=&#8221;solid&#8221; use_border_color=&#8221;on&#8221; border_color=&#8221;#f7f7f7&#8243; border_style=&#8221;solid&#8221; global_colors_info=&#8221;{}&#8221; sticky_enabled=&#8221;0&#8243;]<\/p>\n<p>Hvis du vil udnytte din ret til at bytte hele levetiden, skal du:<br \/>1- bes\u00f8g en autoriseret distribut\u00f8r, der er angivet p\u00e5 vores hjemmeside<br \/>2- Bring din gamle film tilbage<br \/>3- giv os din garantikode<\/p>\n<p>Du vil blive faktureret for installationsomkostninger for hver udskiftning.<br \/>med undtagelse af udskiftning inden for 7 dage efter f\u00f8rste indk\u00f8b<\/p>\n<p>Livslang udveksling ret giver dig mulighed for at erstatte din beskyttende film<br \/>Garantien g\u00e6lder kun for den tidligere beskyttede enhed<br \/>Du mister retten til bytte, hvis du skifter din maskine<br \/>Du mister garantien, hvis du ikke f\u00e5r den gamle beskyttelsesfilm tilbage.<br \/>Glem ikke at skrive din kode ned &#8211; du vil blive bedt om det i butikken.<br \/>Kun \u00e9n kode til alle dine produkter<\/p>\n<p>[\/et_pb_toggle][et_pb_divider color=&#8221;#222222&#8243; divider_weight=&#8221;4&#8243; admin_label=&#8221;Divider&#8221; _builder_version=&#8221;4.16&#8243; height=&#8221;0px&#8221; hide_on_mobile=&#8221;off&#8221; global_colors_info=&#8221;{}&#8221;][\/et_pb_divider][et_pb_toggle title=&#8221;Kan jeg bruge min garanti til at \u00e6ndre filmtype? &#8221; open_toggle_text_color=&#8221;#000000&#8243; open_toggle_background_color=&#8221;#f7f7f7&#8243; closed_toggle_text_color=&#8221;#000000&#8243; closed_toggle_background_color=&#8221;#f7f7f7&#8243; icon_color=&#8221;#000000&#8243; open_icon_color=&#8221;#000000&#8243; admin_label=&#8221;Puis-je utiliser ma garantie pour changer de type de film ? &#8221; _builder_version=&#8221;4.21.0&#8243; title_text_color=&#8221;#000000&#8243; title_font=&#8221;Open Sans|on|||&#8221; title_font_size=&#8221;24&#8243; body_font=&#8221;Open Sans||||&#8221; body_text_color=&#8221;#666666&#8243; body_font_size=&#8221;18&#8243; body_line_height=&#8221;1.6em&#8221; background_size=&#8221;initial&#8221; background_position=&#8221;top_left&#8221; background_repeat=&#8221;repeat&#8221; custom_padding=&#8221;2px|0px|2px|0px|false|false&#8221; title_font_size_tablet=&#8221;18&#8243; title_font_size_phone=&#8221;&#8221; title_font_size_last_edited=&#8221;on|tablet&#8221; custom_css_toggle_icon=&#8221;font-size:20px;||&#8221; border_width_all=&#8221;1px&#8221; border_color_all=&#8221;#f7f7f7&#8243; border_style_all=&#8221;solid&#8221; use_border_color=&#8221;on&#8221; border_color=&#8221;#f7f7f7&#8243; border_style=&#8221;solid&#8221; global_colors_info=&#8221;{}&#8221;]<\/p>\n<p class=\"p1\"><span class=\"s1\">Ja, du kan bruge garantien til at skifte fra Original til Matte. Du kan dog ikke bruge garantien til at opgradere fra Original\/Matte til Fusion.<\/span><\/p>\n<p>[\/et_pb_toggle][et_pb_divider color=&#8221;#222222&#8243; divider_weight=&#8221;4&#8243; admin_label=&#8221;Divider&#8221; _builder_version=&#8221;4.16&#8243; height=&#8221;0px&#8221; hide_on_mobile=&#8221;off&#8221; global_colors_info=&#8221;{}&#8221;][\/et_pb_divider][et_pb_toggle title=&#8221;Er min ombytningsret kun gyldig hos den forhandler, hvor jeg foretog mit k\u00f8b? &#8221; open_toggle_text_color=&#8221;#000000&#8243; open_toggle_background_color=&#8221;#f7f7f7&#8243; closed_toggle_text_color=&#8221;#000000&#8243; closed_toggle_background_color=&#8221;#f7f7f7&#8243; icon_color=&#8221;#000000&#8243; open_icon_color=&#8221;#000000&#8243; admin_label=&#8221;Ma garantie est elle valable uniquement chez le revendeur o\u00f9 j\u2019ai effectu\u00e9 mon achat  ? &#8221; _builder_version=&#8221;4.21.0&#8243; title_text_color=&#8221;#000000&#8243; title_font=&#8221;Open Sans|on|||&#8221; title_font_size=&#8221;24&#8243; body_font=&#8221;Open Sans||||&#8221; body_text_color=&#8221;#666666&#8243; body_font_size=&#8221;18&#8243; body_line_height=&#8221;1.6em&#8221; background_size=&#8221;initial&#8221; background_position=&#8221;top_left&#8221; background_repeat=&#8221;repeat&#8221; custom_padding=&#8221;2px|0px|2px|0px|false|false&#8221; hover_enabled=&#8221;0&#8243; title_font_size_tablet=&#8221;18&#8243; title_font_size_phone=&#8221;&#8221; title_font_size_last_edited=&#8221;on|tablet&#8221; custom_css_toggle_icon=&#8221;font-size:20px;||&#8221; border_width_all=&#8221;1px&#8221; border_color_all=&#8221;#f7f7f7&#8243; border_style_all=&#8221;solid&#8221; use_border_color=&#8221;on&#8221; border_color=&#8221;#f7f7f7&#8243; border_style=&#8221;solid&#8221; global_colors_info=&#8221;{}&#8221; sticky_enabled=&#8221;0&#8243;]<\/p>\n<p>Nej, du kan drage fordel af din udveksling ret p\u00e5 alle Mobile Outfitters godkendte distribut\u00f8rer.<\/p>\n<p>[\/et_pb_toggle][et_pb_divider color=&#8221;#222222&#8243; divider_weight=&#8221;4&#8243; admin_label=&#8221;Divider&#8221; _builder_version=&#8221;4.16&#8243; height=&#8221;0px&#8221; hide_on_mobile=&#8221;off&#8221; global_colors_info=&#8221;{}&#8221;][\/et_pb_divider][et_pb_toggle title=&#8221;Hvor mange gange kan jeg bruge min udveksling rigtigt? &#8221; open_toggle_text_color=&#8221;#000000&#8243; open_toggle_background_color=&#8221;#f7f7f7&#8243; closed_toggle_text_color=&#8221;#000000&#8243; closed_toggle_background_color=&#8221;#f7f7f7&#8243; icon_color=&#8221;#000000&#8243; open_icon_color=&#8221;#000000&#8243; admin_label=&#8221;Combien de fois puis-je utiliser ma garantie  ? &#8221; _builder_version=&#8221;4.21.0&#8243; title_text_color=&#8221;#000000&#8243; title_font=&#8221;Open Sans|on|||&#8221; title_font_size=&#8221;24&#8243; body_font=&#8221;Open Sans||||&#8221; body_text_color=&#8221;#666666&#8243; body_font_size=&#8221;18&#8243; body_line_height=&#8221;1.6em&#8221; background_size=&#8221;initial&#8221; background_position=&#8221;top_left&#8221; background_repeat=&#8221;repeat&#8221; custom_padding=&#8221;2px|0px|2px|0px|false|false&#8221; hover_enabled=&#8221;0&#8243; title_font_size_tablet=&#8221;18&#8243; title_font_size_phone=&#8221;&#8221; title_font_size_last_edited=&#8221;on|tablet&#8221; custom_css_toggle_icon=&#8221;font-size:20px;||&#8221; border_width_all=&#8221;1px&#8221; border_color_all=&#8221;#f7f7f7&#8243; border_style_all=&#8221;solid&#8221; use_border_color=&#8221;on&#8221; border_color=&#8221;#f7f7f7&#8243; border_style=&#8221;solid&#8221; global_colors_info=&#8221;{}&#8221; sticky_enabled=&#8221;0&#8243;]<\/p>\n<p>Du kan bruge din udveksling lige s\u00e5 mange gange, som du vil.<br \/>Der opkr\u00e6ves kun installationsomkostninger for hver \u00e6ndring.<\/p>\n<p>[\/et_pb_toggle][et_pb_divider color=&#8221;#222222&#8243; divider_weight=&#8221;4&#8243; admin_label=&#8221;Divider&#8221; _builder_version=&#8221;4.16&#8243; height=&#8221;0px&#8221; hide_on_mobile=&#8221;off&#8221; global_colors_info=&#8221;{}&#8221;][\/et_pb_divider][et_pb_toggle title=&#8221;Hvorfor skal jeg betale installationsomkostninger, n\u00e5r min film har ret til at bytte hele sin levetid? &#8221; open_toggle_text_color=&#8221;#000000&#8243; open_toggle_background_color=&#8221;#f7f7f7&#8243; closed_toggle_text_color=&#8221;#000000&#8243; closed_toggle_background_color=&#8221;#f7f7f7&#8243; icon_color=&#8221;#000000&#8243; open_icon_color=&#8221;#000000&#8243; admin_label=&#8221;Pourquoi dois-je r\u00e9gler des frais de pose alors que mon film est garanti \u00e0 vie ? &#8221; _builder_version=&#8221;4.21.0&#8243; title_text_color=&#8221;#000000&#8243; title_font=&#8221;Open Sans|on|||&#8221; title_font_size=&#8221;24&#8243; body_font=&#8221;Open Sans||||&#8221; body_text_color=&#8221;#666666&#8243; body_font_size=&#8221;18&#8243; body_line_height=&#8221;1.6em&#8221; background_size=&#8221;initial&#8221; background_position=&#8221;top_left&#8221; background_repeat=&#8221;repeat&#8221; custom_padding=&#8221;2px|0px|2px|0px|false|false&#8221; hover_enabled=&#8221;0&#8243; title_font_size_tablet=&#8221;18&#8243; title_font_size_phone=&#8221;&#8221; title_font_size_last_edited=&#8221;on|tablet&#8221; custom_css_toggle_icon=&#8221;font-size:20px;||&#8221; border_width_all=&#8221;1px&#8221; border_color_all=&#8221;#f7f7f7&#8243; border_style_all=&#8221;solid&#8221; use_border_color=&#8221;on&#8221; border_color=&#8221;#f7f7f7&#8243; border_style=&#8221;solid&#8221; global_colors_info=&#8221;{}&#8221; sticky_enabled=&#8221;0&#8243;]<\/p>\n<p>Vores bytteret er ubegr\u00e6nset og d\u00e6kker alle \u00e5rsager: Du kan bruge den s\u00e5 mange gange, du vil, uanset \u00e5rsagen. Udveksling af din film kr\u00e6ver en teknikers ekspertise. Din film vil blive leveret gratis, og du vil kun blive faktureret for installation.<\/p>\n<p>[\/et_pb_toggle][\/et_pb_column][\/et_pb_row][\/et_pb_section]<\/p>\n","protected":false},"excerpt":{"rendered":"<p>Ofte stillede sp\u00f8rgsm\u00e5lFor at finde den n\u00e6rmeste butik, kan du lokalisere placeringen p\u00e5 vores hjemmeside. Accepter automatisk geolocation, eller indtast dit postnummer.Du kan bruge din livstidsb\u00f8rs til enhver grund, s\u00e5 snart du har lyst til at \u00e6ndre din film.Hvis du vil udnytte din ret til at bytte hele levetiden, skal du:1- bes\u00f8g en autoriseret distribut\u00f8r, [&hellip;]<\/p>\n","protected":false},"author":1,"featured_media":0,"parent":0,"menu_order":10,"comment_status":"closed","ping_status":"closed","template":"","meta":{"_et_pb_use_builder":"on","_et_pb_old_content":"","_et_gb_content_width":"","footnotes":""},"class_list":["post-51284","page","type-page","status-publish","hentry"],"yoast_head":"<!-- This site is optimized with the Yoast SEO plugin v25.9 - https:\/\/yoast.com\/wordpress\/plugins\/seo\/ -->\n<title>Ofte stillede sp\u00f8rgsm\u00e5l - Mobile Outfitters<\/title>\n<meta name=\"robots\" content=\"index, follow, max-snippet:-1, max-image-preview:large, max-video-preview:-1\" \/>\n<link rel=\"canonical\" href=\"https:\/\/mobileoutfitters.io\/da\/ofte-stillede-spoergsmaal\/\" \/>\n<meta property=\"og:locale\" content=\"da_DK\" \/>\n<meta property=\"og:type\" content=\"article\" \/>\n<meta property=\"og:title\" content=\"Ofte stillede sp\u00f8rgsm\u00e5l - Mobile Outfitters\" \/>\n<meta property=\"og:description\" content=\"Ofte stillede sp\u00f8rgsm\u00e5lFor at finde den n\u00e6rmeste butik, kan du lokalisere placeringen p\u00e5 vores hjemmeside. Accepter automatisk geolocation, eller indtast dit postnummer.Du kan bruge din livstidsb\u00f8rs til enhver grund, s\u00e5 snart du har lyst til at \u00e6ndre din film.Hvis du vil udnytte din ret til at bytte hele levetiden, skal du:1- bes\u00f8g en autoriseret distribut\u00f8r, [&hellip;]\" \/>\n<meta property=\"og:url\" content=\"https:\/\/mobileoutfitters.io\/da\/ofte-stillede-spoergsmaal\/\" \/>\n<meta property=\"og:site_name\" content=\"Mobile Outfitters\" \/>\n<meta property=\"article:modified_time\" content=\"2023-12-18T11:00:32+00:00\" \/>\n<meta name=\"twitter:card\" content=\"summary_large_image\" \/>\n<meta name=\"twitter:label1\" content=\"Estimeret l\u00e6setid\" \/>\n\t<meta name=\"twitter:data1\" content=\"10 minutter\" \/>\n<script type=\"application\/ld+json\" class=\"yoast-schema-graph\">{\"@context\":\"https:\/\/schema.org\",\"@graph\":[{\"@type\":\"WebPage\",\"@id\":\"https:\/\/mobileoutfitters.io\/da\/ofte-stillede-spoergsmaal\/\",\"url\":\"https:\/\/mobileoutfitters.io\/da\/ofte-stillede-spoergsmaal\/\",\"name\":\"Ofte stillede sp\u00f8rgsm\u00e5l - Mobile Outfitters\",\"isPartOf\":{\"@id\":\"https:\/\/mobileoutfitters.io\/da\/#website\"},\"datePublished\":\"2020-01-13T12:01:28+00:00\",\"dateModified\":\"2023-12-18T11:00:32+00:00\",\"inLanguage\":\"da-DK\",\"potentialAction\":[{\"@type\":\"ReadAction\",\"target\":[\"https:\/\/mobileoutfitters.io\/da\/ofte-stillede-spoergsmaal\/\"]}]},{\"@type\":\"WebSite\",\"@id\":\"https:\/\/mobileoutfitters.io\/da\/#website\",\"url\":\"https:\/\/mobileoutfitters.io\/da\/\",\"name\":\"Mobile Outfitters\",\"description\":\"Mobile Outfitters\",\"potentialAction\":[{\"@type\":\"SearchAction\",\"target\":{\"@type\":\"EntryPoint\",\"urlTemplate\":\"https:\/\/mobileoutfitters.io\/da\/?s={search_term_string}\"},\"query-input\":{\"@type\":\"PropertyValueSpecification\",\"valueRequired\":true,\"valueName\":\"search_term_string\"}}],\"inLanguage\":\"da-DK\"}]}<\/script>\n<!-- \/ Yoast SEO plugin. -->","yoast_head_json":{"title":"Ofte stillede sp\u00f8rgsm\u00e5l - Mobile Outfitters","robots":{"index":"index","follow":"follow","max-snippet":"max-snippet:-1","max-image-preview":"max-image-preview:large","max-video-preview":"max-video-preview:-1"},"canonical":"https:\/\/mobileoutfitters.io\/da\/ofte-stillede-spoergsmaal\/","og_locale":"da_DK","og_type":"article","og_title":"Ofte stillede sp\u00f8rgsm\u00e5l - Mobile Outfitters","og_description":"Ofte stillede sp\u00f8rgsm\u00e5lFor at finde den n\u00e6rmeste butik, kan du lokalisere placeringen p\u00e5 vores hjemmeside. Accepter automatisk geolocation, eller indtast dit postnummer.Du kan bruge din livstidsb\u00f8rs til enhver grund, s\u00e5 snart du har lyst til at \u00e6ndre din film.Hvis du vil udnytte din ret til at bytte hele levetiden, skal du:1- bes\u00f8g en autoriseret distribut\u00f8r, [&hellip;]","og_url":"https:\/\/mobileoutfitters.io\/da\/ofte-stillede-spoergsmaal\/","og_site_name":"Mobile Outfitters","article_modified_time":"2023-12-18T11:00:32+00:00","twitter_card":"summary_large_image","twitter_misc":{"Estimeret l\u00e6setid":"10 minutter"},"schema":{"@context":"https:\/\/schema.org","@graph":[{"@type":"WebPage","@id":"https:\/\/mobileoutfitters.io\/da\/ofte-stillede-spoergsmaal\/","url":"https:\/\/mobileoutfitters.io\/da\/ofte-stillede-spoergsmaal\/","name":"Ofte stillede sp\u00f8rgsm\u00e5l - Mobile Outfitters","isPartOf":{"@id":"https:\/\/mobileoutfitters.io\/da\/#website"},"datePublished":"2020-01-13T12:01:28+00:00","dateModified":"2023-12-18T11:00:32+00:00","inLanguage":"da-DK","potentialAction":[{"@type":"ReadAction","target":["https:\/\/mobileoutfitters.io\/da\/ofte-stillede-spoergsmaal\/"]}]},{"@type":"WebSite","@id":"https:\/\/mobileoutfitters.io\/da\/#website","url":"https:\/\/mobileoutfitters.io\/da\/","name":"Mobile Outfitters","description":"Mobile Outfitters","potentialAction":[{"@type":"SearchAction","target":{"@type":"EntryPoint","urlTemplate":"https:\/\/mobileoutfitters.io\/da\/?s={search_term_string}"},"query-input":{"@type":"PropertyValueSpecification","valueRequired":true,"valueName":"search_term_string"}}],"inLanguage":"da-DK"}]}},"_links":{"self":[{"href":"https:\/\/mobileoutfitters.io\/da\/wp-json\/wp\/v2\/pages\/51284","targetHints":{"allow":["GET"]}}],"collection":[{"href":"https:\/\/mobileoutfitters.io\/da\/wp-json\/wp\/v2\/pages"}],"about":[{"href":"https:\/\/mobileoutfitters.io\/da\/wp-json\/wp\/v2\/types\/page"}],"author":[{"embeddable":true,"href":"https:\/\/mobileoutfitters.io\/da\/wp-json\/wp\/v2\/users\/1"}],"replies":[{"embeddable":true,"href":"https:\/\/mobileoutfitters.io\/da\/wp-json\/wp\/v2\/comments?post=51284"}],"version-history":[{"count":6,"href":"https:\/\/mobileoutfitters.io\/da\/wp-json\/wp\/v2\/pages\/51284\/revisions"}],"predecessor-version":[{"id":54719,"href":"https:\/\/mobileoutfitters.io\/da\/wp-json\/wp\/v2\/pages\/51284\/revisions\/54719"}],"wp:attachment":[{"href":"https:\/\/mobileoutfitters.io\/da\/wp-json\/wp\/v2\/media?parent=51284"}],"curies":[{"name":"wp","href":"https:\/\/api.w.org\/{rel}","templated":true}]}}